{"id":7948,"date":"2015-12-01T09:24:11","date_gmt":"2015-12-01T09:24:11","guid":{"rendered":"http:\/\/www.ergicon.com\/noticias\/"},"modified":"2017-05-09T17:05:29","modified_gmt":"2017-05-09T17:05:29","slug":"noticias","status":"publish","type":"page","link":"https:\/\/www.ergicon.com\/fr\/noticias\/","title":{"rendered":"Nouvelles"},"content":{"rendered":"","protected":false},"excerpt":{"rendered":"","protected":false},"author":1,"featured_media":0,"parent":0,"menu_order":1,"comment_status":"open","ping_status":"closed","template":"blog-masonry-full-width.php","meta":{"_mi_skip_tracking":false},"yoast_head":"<!-- This site is optimized with the Yoast SEO plugin v18.9 - https:\/\/yoast.com\/wordpress\/plugins\/seo\/ -->\r\n<title>Nouvelles - ERGICON<\/title>\r\n<meta name=\"robots\" content=\"index, follow, max-snippet:-1, max-image-preview:large, max-video-preview:-1\" \/>\r\n<link rel=\"canonical\" href=\"https:\/\/www.ergicon.com\/fr\/noticias\/\" \/>\r\n<meta property=\"og:locale\" content=\"fr_FR\" \/>\r\n<meta property=\"og:type\" content=\"article\" \/>\r\n<meta property=\"og:title\" content=\"Nouvelles - ERGICON\" \/>\r\n<meta property=\"og:url\" content=\"https:\/\/www.ergicon.com\/fr\/noticias\/\" \/>\r\n<meta property=\"og:site_name\" content=\"ERGICON\" \/>\r\n<meta property=\"article:modified_time\" content=\"2017-05-09T17:05:29+00:00\" \/>\r\n<meta name=\"twitter:card\" content=\"summary_large_image\" \/>\r\n<script type=\"application\/ld+json\" class=\"yoast-schema-graph\">{\"@context\":\"https:\/\/schema.org\",\"@graph\":[{\"@type\":\"WebSite\",\"@id\":\"https:\/\/www.ergicon.com\/#website\",\"url\":\"https:\/\/www.ergicon.com\/\",\"name\":\"ERGICON\",\"description\":\"Engenharia, Constru\u00e7\u00e3o e Obras P\u00fablicas\",\"potentialAction\":[{\"@type\":\"SearchAction\",\"target\":{\"@type\":\"EntryPoint\",\"urlTemplate\":\"https:\/\/www.ergicon.com\/?s={search_term_string}\"},\"query-input\":\"required name=search_term_string\"}],\"inLanguage\":\"fr-FR\"},{\"@type\":\"WebPage\",\"@id\":\"https:\/\/www.ergicon.com\/fr\/noticias\/#webpage\",\"url\":\"https:\/\/www.ergicon.com\/fr\/noticias\/\",\"name\":\"Nouvelles - ERGICON\",\"isPartOf\":{\"@id\":\"https:\/\/www.ergicon.com\/#website\"},\"datePublished\":\"2015-12-01T09:24:11+00:00\",\"dateModified\":\"2017-05-09T17:05:29+00:00\",\"breadcrumb\":{\"@id\":\"https:\/\/www.ergicon.com\/fr\/noticias\/#breadcrumb\"},\"inLanguage\":\"fr-FR\",\"potentialAction\":[{\"@type\":\"ReadAction\",\"target\":[\"https:\/\/www.ergicon.com\/fr\/noticias\/\"]}]},{\"@type\":\"BreadcrumbList\",\"@id\":\"https:\/\/www.ergicon.com\/fr\/noticias\/#breadcrumb\",\"itemListElement\":[{\"@type\":\"ListItem\",\"position\":1,\"name\":\"In\u00edcio\",\"item\":\"https:\/\/www.ergicon.com\/fr\/\"},{\"@type\":\"ListItem\",\"position\":2,\"name\":\"Nouvelles\"}]}]}<\/script>\r\n<!-- \/ Yoast SEO plugin. -->","yoast_head_json":{"title":"Nouvelles - ERGICON","robots":{"index":"index","follow":"follow","max-snippet":"max-snippet:-1","max-image-preview":"max-image-preview:large","max-video-preview":"max-video-preview:-1"},"canonical":"https:\/\/www.ergicon.com\/fr\/noticias\/","og_locale":"fr_FR","og_type":"article","og_title":"Nouvelles - ERGICON","og_url":"https:\/\/www.ergicon.com\/fr\/noticias\/","og_site_name":"ERGICON","article_modified_time":"2017-05-09T17:05:29+00:00","twitter_card":"summary_large_image","schema":{"@context":"https:\/\/schema.org","@graph":[{"@type":"WebSite","@id":"https:\/\/www.ergicon.com\/#website","url":"https:\/\/www.ergicon.com\/","name":"ERGICON","description":"Engenharia, Constru\u00e7\u00e3o e Obras P\u00fablicas","potentialAction":[{"@type":"SearchAction","target":{"@type":"EntryPoint","urlTemplate":"https:\/\/www.ergicon.com\/?s={search_term_string}"},"query-input":"required name=search_term_string"}],"inLanguage":"fr-FR"},{"@type":"WebPage","@id":"https:\/\/www.ergicon.com\/fr\/noticias\/#webpage","url":"https:\/\/www.ergicon.com\/fr\/noticias\/","name":"Nouvelles - ERGICON","isPartOf":{"@id":"https:\/\/www.ergicon.com\/#website"},"datePublished":"2015-12-01T09:24:11+00:00","dateModified":"2017-05-09T17:05:29+00:00","breadcrumb":{"@id":"https:\/\/www.ergicon.com\/fr\/noticias\/#breadcrumb"},"inLanguage":"fr-FR","potentialAction":[{"@type":"ReadAction","target":["https:\/\/www.ergicon.com\/fr\/noticias\/"]}]},{"@type":"BreadcrumbList","@id":"https:\/\/www.ergicon.com\/fr\/noticias\/#breadcrumb","itemListElement":[{"@type":"ListItem","position":1,"name":"In\u00edcio","item":"https:\/\/www.ergicon.com\/fr\/"},{"@type":"ListItem","position":2,"name":"Nouvelles"}]}]}},"_links":{"self":[{"href":"https:\/\/www.ergicon.com\/fr\/wp-json\/wp\/v2\/pages\/7948"}],"collection":[{"href":"https:\/\/www.ergicon.com\/fr\/wp-json\/wp\/v2\/pages"}],"about":[{"href":"https:\/\/www.ergicon.com\/fr\/wp-json\/wp\/v2\/types\/page"}],"author":[{"embeddable":true,"href":"https:\/\/www.ergicon.com\/fr\/wp-json\/wp\/v2\/users\/1"}],"replies":[{"embeddable":true,"href":"https:\/\/www.ergicon.com\/fr\/wp-json\/wp\/v2\/comments?post=7948"}],"version-history":[{"count":1,"href":"https:\/\/www.ergicon.com\/fr\/wp-json\/wp\/v2\/pages\/7948\/revisions"}],"predecessor-version":[{"id":7951,"href":"https:\/\/www.ergicon.com\/fr\/wp-json\/wp\/v2\/pages\/7948\/revisions\/7951"}],"wp:attachment":[{"href":"https:\/\/www.ergicon.com\/fr\/wp-json\/wp\/v2\/media?parent=7948"}],"curies":[{"name":"wp","href":"https:\/\/api.w.org\/{rel}","templated":true}]}}