{"id":7359,"date":"2015-12-03T13:55:25","date_gmt":"2015-12-03T13:55:25","guid":{"rendered":"http:\/\/www.ergicon.com\/fr\/contactos\/"},"modified":"2017-03-12T12:37:36","modified_gmt":"2017-03-12T12:37:36","slug":"contactos","status":"publish","type":"page","link":"https:\/\/www.ergicon.com\/fr\/contactos\/","title":{"rendered":"Contacts"},"content":{"rendered":"<p>[vc_row][vc_column]<div class=\"edgtf-google-map-holder\">\n\t<div class=\"edgtf-google-map\" id=\"edgtf-map-812202\" data-addresses='[\"Luanda, Angola\",\"Lisboa , Portugal\",\"Madeira, Portugal\"]' data-custom-map-style=false data-color-overlay=#393939 data-saturation=-100 data-lightness=-60 data-zoom=3 data-pin=https:\/\/www.ergicon.com\/wp-content\/uploads\/2015\/12\/logo-1.png data-unique-id=812202 data-scroll-wheel=false data-height=700><\/div>\n\t\t\t<div class=\"edgtf-google-map-overlay\"><\/div>\n\t<\/div>\n[\/vc_column][\/vc_row][vc_row content_width=\u00a0\u00bbgrid\u00a0\u00bb css=\u00a0\u00bb.vc_custom_1485084627894{padding-top: 110px !important;padding-bottom: 60px !important;}\u00a0\u00bb][vc_column][vc_column_text]<\/p>\n<h3>ERGICON ENGENHARIA E CONSTRU\u00c7\u00c3O, LDA. \u2013 ANGOLA<\/h3>\n<p>[\/vc_column_text][\/vc_column][vc_column width=\u00a0\u00bb1\/2&Prime;][vc_empty_space height=\u00a0\u00bb25px\u00a0\u00bb]<div class=\"edgtf-icon-list-item\">\n\t<div class=\"edgtf-icon-list-icon-holder\">\n        <div class=\"edgtf-icon-list-icon-holder-inner clearfix\" style=\"padding-top:3px\">\n\t\t\t<i class=\"edgtf-icon-linea-icon icon-basic-geolocalize-01 \" style=\"color:#e7bd74;font-size:23px\" ><\/i>\t\t<\/div>\n\t<\/div>\n\t<p class=\"edgtf-icon-list-text\" style=\"font-size:14px\" > Si\u00e8ge - Luanda<br \/>\nVia Expresso, Km 1<br \/>\nCondom\u00ednio das Ac\u00e1cias, Benfica<br \/>\nLuanda \u2013 Rep\u00fablica de Angola<\/p>\n<\/div><div class=\"edgtf-icon-list-item\">\n\t<div class=\"edgtf-icon-list-icon-holder\">\n        <div class=\"edgtf-icon-list-icon-holder-inner clearfix\" style=\"padding-top:3px\">\n\t\t\t<i class=\"edgtf-icon-linea-icon icon-basic-headset \" style=\"color:#e7bd74;font-size:23px\" ><\/i>\t\t<\/div>\n\t<\/div>\n\t<p class=\"edgtf-icon-list-text\" style=\"font-size:14px\" > T. + 244 936 956 577<br \/>\nE-mail: geral@ergicon.com<\/p>\n<\/div>[vc_empty_space height=\u00a0\u00bb40px\u00a0\u00bb][\/vc_column][vc_column width=\u00a0\u00bb1\/2&Prime;][vc_empty_space height=\u00a0\u00bb25px\u00a0\u00bb]<div class=\"edgtf-icon-list-item\">\n\t<div class=\"edgtf-icon-list-icon-holder\">\n        <div class=\"edgtf-icon-list-icon-holder-inner clearfix\" style=\"padding-top:3px\">\n\t\t\t<i class=\"edgtf-icon-linea-icon icon-basic-geolocalize-01 \" style=\"color:#e7bd74;font-size:23px\" ><\/i>\t\t<\/div>\n\t<\/div>\n\t<p class=\"edgtf-icon-list-text\" style=\"font-size:14px\" > Delegation \u2013 Benguela<br \/>\nRua Cidade do Porto<br \/>\nBenguela - Rep\u00fablica de Angola<\/p>\n<\/div><div class=\"edgtf-icon-list-item\">\n\t<div class=\"edgtf-icon-list-icon-holder\">\n        <div class=\"edgtf-icon-list-icon-holder-inner clearfix\" style=\"padding-top:3px\">\n\t\t\t<i class=\"edgtf-icon-linea-icon icon-basic-headset \" style=\"color:#e7bd74;font-size:23px\" ><\/i>\t\t<\/div>\n\t<\/div>\n\t<p class=\"edgtf-icon-list-text\" style=\"font-size:14px\" > T. + 244 939 379 294<br \/>\nE-mail: geral@ergicon.com<\/p>\n<\/div>[vc_empty_space height=\u00a0\u00bb40px\u00a0\u00bb][\/vc_column][\/vc_row][vc_row content_width=\u00a0\u00bbgrid\u00a0\u00bb][vc_column][vc_column_text]<\/p>\n<h3>ERGICON PORTUGAL ENGENHARIA E CONSTRU\u00c7\u00c3O, S.A. \u2013 PORTUGAL<\/h3>\n<p>[\/vc_column_text][\/vc_column][vc_column width=\u00a0\u00bb1\/2&Prime;][vc_empty_space height=\u00a0\u00bb25px\u00a0\u00bb]<div class=\"edgtf-icon-list-item\">\n\t<div class=\"edgtf-icon-list-icon-holder\">\n        <div class=\"edgtf-icon-list-icon-holder-inner clearfix\" style=\"padding-top:3px\">\n\t\t\t<i class=\"edgtf-icon-linea-icon icon-basic-geolocalize-01 \" style=\"color:#e7bd74;font-size:23px\" ><\/i>\t\t<\/div>\n\t<\/div>\n\t<p class=\"edgtf-icon-list-text\" style=\"font-size:14px\" > Si\u00e8ge - Porto<br \/>\nRua Eng.\u00ba Ferreira Dias, n.\u00ba 161<br \/>\n4100-247 Porto<br \/>\nPortugal<\/p>\n<\/div><div class=\"edgtf-icon-list-item\">\n\t<div class=\"edgtf-icon-list-icon-holder\">\n        <div class=\"edgtf-icon-list-icon-holder-inner clearfix\" style=\"padding-top:3px\">\n\t\t\t<i class=\"edgtf-icon-linea-icon icon-basic-headset \" style=\"color:#e7bd74;font-size:23px\" ><\/i>\t\t<\/div>\n\t<\/div>\n\t<p class=\"edgtf-icon-list-text\" style=\"font-size:14px\" > T. + 351 22 324 9100<br \/>\nM.+ 351 935 040 920<br \/>\nE-mail: geral@ergicon.com<\/p>\n<\/div>[vc_empty_space height=\u00a0\u00bb40px\u00a0\u00bb][\/vc_column][vc_column width=\u00a0\u00bb1\/2&Prime;][vc_empty_space height=\u00a0\u00bb25px\u00a0\u00bb]<div class=\"edgtf-icon-list-item\">\n\t<div class=\"edgtf-icon-list-icon-holder\">\n        <div class=\"edgtf-icon-list-icon-holder-inner clearfix\" style=\"padding-top:3px\">\n\t\t\t<i class=\"edgtf-icon-linea-icon icon-basic-geolocalize-01 \" style=\"color:#e7bd74;font-size:23px\" ><\/i>\t\t<\/div>\n\t<\/div>\n\t<p class=\"edgtf-icon-list-text\" style=\"font-size:14px\" > Delegation \u2013 Lisboa<br \/>\nParque Su\u00e9cia<br \/>\nAvenida do Forte, n.\u00ba3<br \/>\n2790-073 Carnaxide \u2013 Oeiras<br \/>\nPortugal<\/p>\n<\/div><div class=\"edgtf-icon-list-item\">\n\t<div class=\"edgtf-icon-list-icon-holder\">\n        <div class=\"edgtf-icon-list-icon-holder-inner clearfix\" style=\"padding-top:3px\">\n\t\t\t<i class=\"edgtf-icon-linea-icon icon-basic-headset \" style=\"color:#e7bd74;font-size:23px\" ><\/i>\t\t<\/div>\n\t<\/div>\n\t<p class=\"edgtf-icon-list-text\" style=\"font-size:14px\" > T. + 351 21 199 1856<br \/>\nE-mail: geral@ergicon.com<\/p>\n<\/div>[vc_empty_space height=\u00a0\u00bb40px\u00a0\u00bb][\/vc_column][\/vc_row][vc_row content_width=\u00a0\u00bbgrid\u00a0\u00bb css=\u00a0\u00bb.vc_custom_1461857812095{padding-top: 117px !important;padding-bottom: 78px !important;background-color: #f7f7f7 !important;}\u00a0\u00bb][vc_column offset=\u00a0\u00bbvc_col-lg-6 vc_col-md-6&Prime;][vc_column_text]<div role=\"form\" class=\"wpcf7\" id=\"wpcf7-f7402-o1\" lang=\"pt-PT\" dir=\"ltr\">\n<div class=\"screen-reader-response\"><p role=\"status\" aria-live=\"polite\" aria-atomic=\"true\"><\/p> <ul><\/ul><\/div>\n<form action=\"\/fr\/wp-json\/wp\/v2\/pages\/7359#wpcf7-f7402-o1\" method=\"post\" class=\"wpcf7-form init cf7_custom_style_1\" novalidate=\"novalidate\" data-status=\"init\">\n<div style=\"display: none;\">\n<input type=\"hidden\" name=\"_wpcf7\" value=\"7402\" \/>\n<input type=\"hidden\" name=\"_wpcf7_version\" value=\"5.5.6.1\" \/>\n<input type=\"hidden\" name=\"_wpcf7_locale\" value=\"pt_PT\" \/>\n<input type=\"hidden\" name=\"_wpcf7_unit_tag\" value=\"wpcf7-f7402-o1\" \/>\n<input type=\"hidden\" name=\"_wpcf7_container_post\" value=\"0\" \/>\n<input type=\"hidden\" name=\"_wpcf7_posted_data_hash\" value=\"\" \/>\n<\/div>\n<p><label> Nom \/pr\u00e9nom (obligatoire)<br \/>\n    <span class=\"wpcf7-form-control-wrap your-name\"><input type=\"text\" name=\"your-name\" value=\"\" size=\"40\" class=\"wpcf7-form-control wpcf7-text wpcf7-validates-as-required\" aria-required=\"true\" aria-invalid=\"false\" \/><\/span> <\/label><\/p>\n<p><label> Email (obligatoire)<br \/>\n    <span class=\"wpcf7-form-control-wrap your-email\"><input type=\"email\" name=\"your-email\" value=\"\" size=\"40\" class=\"wpcf7-form-control wpcf7-text wpcf7-email wpcf7-validates-as-required wpcf7-validates-as-email\" aria-required=\"true\" aria-invalid=\"false\" \/><\/span> <\/label><\/p>\n<p><label> Sujet<br \/>\n    <span class=\"wpcf7-form-control-wrap your-subject\"><input type=\"text\" name=\"your-subject\" value=\"\" size=\"40\" class=\"wpcf7-form-control wpcf7-text\" aria-invalid=\"false\" \/><\/span> <\/label><\/p>\n<p><label> Message<br \/>\n    <span class=\"wpcf7-form-control-wrap your-message\"><textarea name=\"your-message\" cols=\"40\" rows=\"10\" class=\"wpcf7-form-control wpcf7-textarea\" aria-invalid=\"false\"><\/textarea><\/span> <\/label><\/p>\n<p><input type=\"submit\" value=\"Envoyer\" class=\"wpcf7-form-control has-spinner wpcf7-submit\" \/><\/p>\n<div class=\"wpcf7-response-output\" aria-hidden=\"true\"><\/div><\/form><\/div>[vc_empty_space height=\u00a0\u00bb40px\u00a0\u00bb][\/vc_column_text][\/vc_column][vc_column offset=\u00a0\u00bbvc_col-lg-6 vc_col-md-6&Prime; css=\u00a0\u00bb.vc_custom_1461856864368{padding-left: 5% !important;}\u00a0\u00bb][vc_column_text]<\/p>\n<h3>CONTACTEZ-NOUS<\/h3>\n<p>[\/vc_column_text][vc_empty_space height=\u00a0\u00bb17px\u00a0\u00bb][vc_column_text]<\/p>\n<p class=\"p1\"><span class=\"s1\"><i>Pour prendre contact avec nous, veuillez remplir le formulaire<\/i><\/span><\/p>\n<p>[\/vc_column_text][vc_empty_space height=\u00a0\u00bb20px\u00a0\u00bb][\/vc_column][\/vc_row]<\/p>\n","protected":false},"excerpt":{"rendered":"<p>[vc_row][vc_column][\/vc_column][\/vc_row][vc_row content_width=\u00a0\u00bbgrid\u00a0\u00bb css=\u00a0\u00bb.vc_custom_1485084627894{padding-top: 110px !important;padding-bottom: 60px !important;}\u00a0\u00bb][vc_column][vc_column_text] ERGICON ENGENHARIA E CONSTRU\u00c7\u00c3O, LDA. \u2013 ANGOLA [\/vc_column_text][\/vc_column][vc_column width=\u00a0\u00bb1\/2&Prime;][vc_empty_space height=\u00a0\u00bb25px\u00a0\u00bb][vc_empty_space height=\u00a0\u00bb40px\u00a0\u00bb][\/vc_column][vc_column width=\u00a0\u00bb1\/2&Prime;][vc_empty_space height=\u00a0\u00bb25px\u00a0\u00bb][vc_empty_space height=\u00a0\u00bb40px\u00a0\u00bb][\/vc_column][\/vc_row][vc_row content_width=\u00a0\u00bbgrid\u00a0\u00bb][vc_column][vc_column_text] ERGICON PORTUGAL ENGENHARIA E CONSTRU\u00c7\u00c3O, S.A. \u2013 PORTUGAL [\/vc_column_text][\/vc_column][vc_column width=\u00a0\u00bb1\/2&Prime;][vc_empty_space height=\u00a0\u00bb25px\u00a0\u00bb][vc_empty_space height=\u00a0\u00bb40px\u00a0\u00bb][\/vc_column][vc_column width=\u00a0\u00bb1\/2&Prime;][vc_empty_space height=\u00a0\u00bb25px\u00a0\u00bb][vc_empty_space height=\u00a0\u00bb40px\u00a0\u00bb][\/vc_column][\/vc_row][vc_row content_width=\u00a0\u00bbgrid\u00a0\u00bb css=\u00a0\u00bb.vc_custom_1461857812095{padding-top: 117px !important;padding-bottom: 78px !important;background-color: #f7f7f7 !important;}\u00a0\u00bb][vc_column&#8230;<\/p>\n","protected":false},"author":1,"featured_media":0,"parent":0,"menu_order":7,"comment_status":"open","ping_status":"closed","template":"full-width.php","meta":{"_mi_skip_tracking":false},"yoast_head":"<!-- This site is optimized with the Yoast SEO plugin v18.9 - https:\/\/yoast.com\/wordpress\/plugins\/seo\/ -->\r\n<title>Contacts - ERGICON<\/title>\r\n<meta name=\"robots\" content=\"index, follow, max-snippet:-1, max-image-preview:large, max-video-preview:-1\" \/>\r\n<link rel=\"canonical\" href=\"https:\/\/www.ergicon.com\/fr\/contactos\/\" \/>\r\n<meta property=\"og:locale\" content=\"fr_FR\" \/>\r\n<meta property=\"og:type\" content=\"article\" \/>\r\n<meta property=\"og:title\" content=\"Contacts - ERGICON\" \/>\r\n<meta property=\"og:description\" content=\"[vc_row][vc_column][\/vc_column][\/vc_row][vc_row content_width=\u00a0\u00bbgrid\u00a0\u00bb css=\u00a0\u00bb.vc_custom_1485084627894{padding-top: 110px !important;padding-bottom: 60px !important;}\u00a0\u00bb][vc_column][vc_column_text] ERGICON ENGENHARIA E CONSTRU\u00c7\u00c3O, LDA. \u2013 ANGOLA [\/vc_column_text][\/vc_column][vc_column width=\u00a0\u00bb1\/2&Prime;][vc_empty_space height=\u00a0\u00bb25px\u00a0\u00bb][vc_empty_space height=\u00a0\u00bb40px\u00a0\u00bb][\/vc_column][vc_column width=\u00a0\u00bb1\/2&Prime;][vc_empty_space height=\u00a0\u00bb25px\u00a0\u00bb][vc_empty_space height=\u00a0\u00bb40px\u00a0\u00bb][\/vc_column][\/vc_row][vc_row content_width=\u00a0\u00bbgrid\u00a0\u00bb][vc_column][vc_column_text] ERGICON PORTUGAL ENGENHARIA E CONSTRU\u00c7\u00c3O, S.A. \u2013 PORTUGAL [\/vc_column_text][\/vc_column][vc_column width=\u00a0\u00bb1\/2&Prime;][vc_empty_space height=\u00a0\u00bb25px\u00a0\u00bb][vc_empty_space height=\u00a0\u00bb40px\u00a0\u00bb][\/vc_column][vc_column width=\u00a0\u00bb1\/2&Prime;][vc_empty_space height=\u00a0\u00bb25px\u00a0\u00bb][vc_empty_space height=\u00a0\u00bb40px\u00a0\u00bb][\/vc_column][\/vc_row][vc_row content_width=\u00a0\u00bbgrid\u00a0\u00bb css=\u00a0\u00bb.vc_custom_1461857812095{padding-top: 117px !important;padding-bottom: 78px !important;background-color: #f7f7f7 !important;}\u00a0\u00bb][vc_column...\" \/>\r\n<meta property=\"og:url\" content=\"https:\/\/www.ergicon.com\/fr\/contactos\/\" \/>\r\n<meta property=\"og:site_name\" content=\"ERGICON\" \/>\r\n<meta property=\"article:modified_time\" content=\"2017-03-12T12:37:36+00:00\" \/>\r\n<meta name=\"twitter:card\" content=\"summary_large_image\" \/>\r\n<meta name=\"twitter:label1\" content=\"Dur\u00e9e de lecture estim\u00e9e\" \/>\n\t<meta name=\"twitter:data1\" content=\"3 minutes\" \/>\r\n<script type=\"application\/ld+json\" class=\"yoast-schema-graph\">{\"@context\":\"https:\/\/schema.org\",\"@graph\":[{\"@type\":\"WebSite\",\"@id\":\"https:\/\/www.ergicon.com\/#website\",\"url\":\"https:\/\/www.ergicon.com\/\",\"name\":\"ERGICON\",\"description\":\"Engenharia, Constru\u00e7\u00e3o e Obras P\u00fablicas\",\"potentialAction\":[{\"@type\":\"SearchAction\",\"target\":{\"@type\":\"EntryPoint\",\"urlTemplate\":\"https:\/\/www.ergicon.com\/?s={search_term_string}\"},\"query-input\":\"required name=search_term_string\"}],\"inLanguage\":\"fr-FR\"},{\"@type\":\"WebPage\",\"@id\":\"https:\/\/www.ergicon.com\/fr\/contactos\/#webpage\",\"url\":\"https:\/\/www.ergicon.com\/fr\/contactos\/\",\"name\":\"Contacts - ERGICON\",\"isPartOf\":{\"@id\":\"https:\/\/www.ergicon.com\/#website\"},\"datePublished\":\"2015-12-03T13:55:25+00:00\",\"dateModified\":\"2017-03-12T12:37:36+00:00\",\"breadcrumb\":{\"@id\":\"https:\/\/www.ergicon.com\/fr\/contactos\/#breadcrumb\"},\"inLanguage\":\"fr-FR\",\"potentialAction\":[{\"@type\":\"ReadAction\",\"target\":[\"https:\/\/www.ergicon.com\/fr\/contactos\/\"]}]},{\"@type\":\"BreadcrumbList\",\"@id\":\"https:\/\/www.ergicon.com\/fr\/contactos\/#breadcrumb\",\"itemListElement\":[{\"@type\":\"ListItem\",\"position\":1,\"name\":\"In\u00edcio\",\"item\":\"https:\/\/www.ergicon.com\/fr\/\"},{\"@type\":\"ListItem\",\"position\":2,\"name\":\"Contacts\"}]}]}<\/script>\r\n<!-- \/ Yoast SEO plugin. -->","yoast_head_json":{"title":"Contacts - ERGICON","robots":{"index":"index","follow":"follow","max-snippet":"max-snippet:-1","max-image-preview":"max-image-preview:large","max-video-preview":"max-video-preview:-1"},"canonical":"https:\/\/www.ergicon.com\/fr\/contactos\/","og_locale":"fr_FR","og_type":"article","og_title":"Contacts - ERGICON","og_description":"[vc_row][vc_column][\/vc_column][\/vc_row][vc_row content_width=\u00a0\u00bbgrid\u00a0\u00bb css=\u00a0\u00bb.vc_custom_1485084627894{padding-top: 110px !important;padding-bottom: 60px !important;}\u00a0\u00bb][vc_column][vc_column_text] ERGICON ENGENHARIA E CONSTRU\u00c7\u00c3O, LDA. \u2013 ANGOLA [\/vc_column_text][\/vc_column][vc_column width=\u00a0\u00bb1\/2&Prime;][vc_empty_space height=\u00a0\u00bb25px\u00a0\u00bb][vc_empty_space height=\u00a0\u00bb40px\u00a0\u00bb][\/vc_column][vc_column width=\u00a0\u00bb1\/2&Prime;][vc_empty_space height=\u00a0\u00bb25px\u00a0\u00bb][vc_empty_space height=\u00a0\u00bb40px\u00a0\u00bb][\/vc_column][\/vc_row][vc_row content_width=\u00a0\u00bbgrid\u00a0\u00bb][vc_column][vc_column_text] ERGICON PORTUGAL ENGENHARIA E CONSTRU\u00c7\u00c3O, S.A. \u2013 PORTUGAL [\/vc_column_text][\/vc_column][vc_column width=\u00a0\u00bb1\/2&Prime;][vc_empty_space height=\u00a0\u00bb25px\u00a0\u00bb][vc_empty_space height=\u00a0\u00bb40px\u00a0\u00bb][\/vc_column][vc_column width=\u00a0\u00bb1\/2&Prime;][vc_empty_space height=\u00a0\u00bb25px\u00a0\u00bb][vc_empty_space height=\u00a0\u00bb40px\u00a0\u00bb][\/vc_column][\/vc_row][vc_row content_width=\u00a0\u00bbgrid\u00a0\u00bb css=\u00a0\u00bb.vc_custom_1461857812095{padding-top: 117px !important;padding-bottom: 78px !important;background-color: #f7f7f7 !important;}\u00a0\u00bb][vc_column...","og_url":"https:\/\/www.ergicon.com\/fr\/contactos\/","og_site_name":"ERGICON","article_modified_time":"2017-03-12T12:37:36+00:00","twitter_card":"summary_large_image","twitter_misc":{"Dur\u00e9e de lecture estim\u00e9e":"3 minutes"},"schema":{"@context":"https:\/\/schema.org","@graph":[{"@type":"WebSite","@id":"https:\/\/www.ergicon.com\/#website","url":"https:\/\/www.ergicon.com\/","name":"ERGICON","description":"Engenharia, Constru\u00e7\u00e3o e Obras P\u00fablicas","potentialAction":[{"@type":"SearchAction","target":{"@type":"EntryPoint","urlTemplate":"https:\/\/www.ergicon.com\/?s={search_term_string}"},"query-input":"required name=search_term_string"}],"inLanguage":"fr-FR"},{"@type":"WebPage","@id":"https:\/\/www.ergicon.com\/fr\/contactos\/#webpage","url":"https:\/\/www.ergicon.com\/fr\/contactos\/","name":"Contacts - ERGICON","isPartOf":{"@id":"https:\/\/www.ergicon.com\/#website"},"datePublished":"2015-12-03T13:55:25+00:00","dateModified":"2017-03-12T12:37:36+00:00","breadcrumb":{"@id":"https:\/\/www.ergicon.com\/fr\/contactos\/#breadcrumb"},"inLanguage":"fr-FR","potentialAction":[{"@type":"ReadAction","target":["https:\/\/www.ergicon.com\/fr\/contactos\/"]}]},{"@type":"BreadcrumbList","@id":"https:\/\/www.ergicon.com\/fr\/contactos\/#breadcrumb","itemListElement":[{"@type":"ListItem","position":1,"name":"In\u00edcio","item":"https:\/\/www.ergicon.com\/fr\/"},{"@type":"ListItem","position":2,"name":"Contacts"}]}]}},"_links":{"self":[{"href":"https:\/\/www.ergicon.com\/fr\/wp-json\/wp\/v2\/pages\/7359"}],"collection":[{"href":"https:\/\/www.ergicon.com\/fr\/wp-json\/wp\/v2\/pages"}],"about":[{"href":"https:\/\/www.ergicon.com\/fr\/wp-json\/wp\/v2\/types\/page"}],"author":[{"embeddable":true,"href":"https:\/\/www.ergicon.com\/fr\/wp-json\/wp\/v2\/users\/1"}],"replies":[{"embeddable":true,"href":"https:\/\/www.ergicon.com\/fr\/wp-json\/wp\/v2\/comments?post=7359"}],"version-history":[{"count":2,"href":"https:\/\/www.ergicon.com\/fr\/wp-json\/wp\/v2\/pages\/7359\/revisions"}],"predecessor-version":[{"id":7404,"href":"https:\/\/www.ergicon.com\/fr\/wp-json\/wp\/v2\/pages\/7359\/revisions\/7404"}],"wp:attachment":[{"href":"https:\/\/www.ergicon.com\/fr\/wp-json\/wp\/v2\/media?parent=7359"}],"curies":[{"name":"wp","href":"https:\/\/api.w.org\/{rel}","templated":true}]}}