{"id":7353,"date":"2016-12-12T22:11:12","date_gmt":"2016-12-12T22:11:12","guid":{"rendered":"http:\/\/www.ergicon.com\/fr\/mapa-do-site\/"},"modified":"2021-11-29T18:55:52","modified_gmt":"2021-11-29T18:55:52","slug":"mapa-do-site","status":"publish","type":"page","link":"https:\/\/www.ergicon.com\/fr\/mapa-do-site\/","title":{"rendered":"Mapa do Site"},"content":{"rendered":"<div class=\"wsp-container\"><h2 class=\"wsp-pages-title\">Pages<\/h2>\n<ul class=\"wsp-pages-list\">\n<li class=\"page_item page-item-7279\"><a href=\"https:\/\/www.ergicon.com\/fr\/grupo\/\">Le Groupe<\/a><\/li>\n<li class=\"page_item page-item-7353\"><a href=\"https:\/\/www.ergicon.com\/fr\/mapa-do-site\/\">Mapa do Site<\/a><\/li>\n<li class=\"page_item page-item-7948\"><a href=\"https:\/\/www.ergicon.com\/fr\/noticias\/\">Nouvelles<\/a><\/li>\n<li class=\"page_item page-item-7271\"><a href=\"https:\/\/www.ergicon.com\/fr\/\">Home<\/a><\/li>\n<li class=\"page_item page-item-7291\"><a href=\"https:\/\/www.ergicon.com\/fr\/quem-somos\/\">Qui Sommes Nous<\/a><\/li>\n<li class=\"page_item page-item-7356\"><a href=\"https:\/\/www.ergicon.com\/fr\/projectos\/\">Projects<\/a><\/li>\n<li class=\"page_item page-item-7359\"><a href=\"https:\/\/www.ergicon.com\/fr\/contactos\/\">Contacts<\/a><\/li>\n<\/ul>\n<h2 class=\"wsp-posts-title\">Articles par cat\u00e9gorie<\/h2>\n<ul class=\"wsp-posts-list\">\n\t<li><strong class=\"wsp-category-title\">Category: <a href=\"https:\/\/www.ergicon.com\/fr\/category\/non-classifiee\/\">Non classifi\u00e9(e)<\/a><\/strong>\n<ul class=\"wsp-posts-list\">\t\t<li class=\"wsp-post\"><a href=\"https:\/\/www.ergicon.com\/fr\/novo-topico-de-accao-social-liga-portuguesa-contra-o-cancro\/\">LIGUE PORTUGUAISE CONTRE LE CANCER<\/a><\/li>\n\t\t<li class=\"wsp-post\"><a href=\"https:\/\/www.ergicon.com\/fr\/nova-imagem-da-campanha-aldeia-das-artes-o-livro-e-a-leitura\/\">LE LIVRE ET LA LECTURE<\/a><\/li>\n\t\t<li class=\"wsp-post\"><a href=\"https:\/\/www.ergicon.com\/fr\/aldeia-das-artes-2\/\">ENSEMBLE ON VA \u00c0 L\u00b4ECOLE<\/a><\/li>\n\t\t<li class=\"wsp-post\"><a href=\"https:\/\/www.ergicon.com\/fr\/aldeia-das-artes\/\">ALDEIA DAS ARTES \u2013 MENINOS DO MUSSULO<\/a><\/li>\n\t\t<li class=\"wsp-post\"><a href=\"https:\/\/www.ergicon.com\/fr\/projecto-palanca-prade\/\">PALANCA PARADE<\/a><\/li>\n<\/ul><\/li>\n\t<li><strong class=\"wsp-category-title\">Category: <a href=\"https:\/\/www.ergicon.com\/fr\/category\/nouvelles\/\">Nouvelles<\/a><\/strong>\n<ul class=\"wsp-posts-list\">\t\t<li class=\"wsp-post\"><a href=\"https:\/\/www.ergicon.com\/fr\/ergicon-portugal\/\">L\u2019entreprise Portas S\u00e3o Jo\u00e3o<\/a><\/li>\n<\/ul><\/li>\n\t<li><strong class=\"wsp-category-title\">Category: <a href=\"https:\/\/www.ergicon.com\/fr\/category\/responsabilidade-social-fr\/\">Responsabilit\u00e9 Sociale<\/a><\/strong>\n<\/li>\n<\/ul>\n<h2 class=\"wsp-portfolio-items-title\">Portfolio<\/h2>\n<ul class=\"wsp-portfolio-items-list\">\n<li><a href=\"https:\/\/www.ergicon.com\/fr\/portfolio-item\/loja-de-desporto\/\">TAF \u2013 Boutique de Sport<\/a><\/li>\n<li><a href=\"https:\/\/www.ergicon.com\/fr\/portfolio-item\/lojas-unitel\/\">Unitel - Magasins Unitel<\/a><\/li>\n<li><a href=\"https:\/\/www.ergicon.com\/fr\/portfolio-item\/loja-unitel-atrium-nova-vida\/\">Unitel - Magasin Unitel Atrium Nova Vida<\/a><\/li>\n<li><a href=\"https:\/\/www.ergicon.com\/fr\/portfolio-item\/loja-unitel-sede\/\">Unitel - Magasin Unitel Sede<\/a><\/li>\n<li><a href=\"https:\/\/www.ergicon.com\/fr\/portfolio-item\/loja-salsa\/\">Magasin Salsa<\/a><\/li>\n<li><a href=\"https:\/\/www.ergicon.com\/fr\/portfolio-item\/loja-de-decoracao\/\">Loja de Decora\u00e7\u00e3o<\/a><\/li>\n<li><a href=\"https:\/\/www.ergicon.com\/fr\/portfolio-item\/agencia-banco-economico\/\">Ag\u00eancia Banco Econ\u00f3mico<\/a><\/li>\n<li><a href=\"https:\/\/www.ergicon.com\/fr\/portfolio-item\/agencia-bancaria-bni\/\">Ag\u00eancia Banc\u00e1ria BNI<\/a><\/li>\n<li><a href=\"https:\/\/www.ergicon.com\/fr\/portfolio-item\/showroom-paraurbana\/\">Showroom Paraurbana<\/a><\/li>\n<li><a href=\"https:\/\/www.ergicon.com\/fr\/portfolio-item\/detalhes-construtivos\/\">D\u00e9tails de Construction<\/a><\/li>\n<li><a href=\"https:\/\/www.ergicon.com\/fr\/portfolio-item\/vivenda-de-luxo\/\">Vivenda de Luxo<\/a><\/li>\n<li><a href=\"https:\/\/www.ergicon.com\/fr\/portfolio-item\/moradia-unifamiliar-2\/\">Maison Individuelle<\/a><\/li>\n<li><a href=\"https:\/\/www.ergicon.com\/fr\/portfolio-item\/moradia-de-luxo\/\">Villa de Pr\u00e9stige \u2013 Porto<\/a><\/li>\n<li><a href=\"https:\/\/www.ergicon.com\/fr\/portfolio-item\/moradia-unifamiliar\/\">Maison Individuelle<\/a><\/li>\n<li><a href=\"https:\/\/www.ergicon.com\/fr\/portfolio-item\/edificio-solida-plaza\/\">Edif\u00edcio S\u00f3lida Plaza<\/a><\/li>\n<li><a href=\"https:\/\/www.ergicon.com\/fr\/portfolio-item\/edificio-residencial\/\">Edif\u00edcio residencial - 30 Apartamentos<\/a><\/li>\n<li><a href=\"https:\/\/www.ergicon.com\/fr\/portfolio-item\/edificio-multifuncional\/\">Edif\u00edcio multifuncional - 22000m2<\/a><\/li>\n<li><a href=\"https:\/\/www.ergicon.com\/fr\/portfolio-item\/condominio-residencial\/\">Condominium r\u00e9sidentiel<\/a><\/li>\n<li><a href=\"https:\/\/www.ergicon.com\/fr\/portfolio-item\/edificio-de-habitacao-com-36-apartamentos\/\">Edif\u00edcio de habita\u00e7\u00e3o com 36 apartamentos<\/a><\/li>\n<li><a href=\"https:\/\/www.ergicon.com\/fr\/portfolio-item\/complexo-habitacional-e-escritorios\/\">Complexo habitacional e escrit\u00f3rios<\/a><\/li>\n<li><a href=\"https:\/\/www.ergicon.com\/fr\/portfolio-item\/hoteis-ibis-styles\/\">H\u00f4tels Ibis Styles<\/a><\/li>\n<li><a href=\"https:\/\/www.ergicon.com\/fr\/portfolio-item\/edificio-de-habitacao-comercio-e-servicos\/\">Edif\u00edcio de Habita\u00e7\u00e3o, Comercio e Servi\u00e7os<\/a><\/li>\n<li><a href=\"https:\/\/www.ergicon.com\/fr\/portfolio-item\/complexo-habitacional-e-de-escritorios-fase-i\/\">Complexo Habitacional e de Escrit\u00f3rios - Fase I<\/a><\/li>\n<li><a href=\"https:\/\/www.ergicon.com\/fr\/portfolio-item\/complexo-habitacional-e-de-escritorios\/\">Complexo Habitacional e de Escrit\u00f3rios<\/a><\/li>\n<li><a href=\"https:\/\/www.ergicon.com\/fr\/portfolio-item\/hotel-intercontinental\/\">Hotel Intercontinental<\/a><\/li>\n<li><a href=\"https:\/\/www.ergicon.com\/fr\/portfolio-item\/discoteca-unik-hotel-hcta\/\">Discoth\u00e8que Unik Hotel HCTA<\/a><\/li>\n<li><a href=\"https:\/\/www.ergicon.com\/fr\/portfolio-item\/naves-industriais-em-benfica\/\">B\u00e2timents Industriels \u00e0 Benfica<\/a><\/li>\n<li><a href=\"https:\/\/www.ergicon.com\/fr\/portfolio-item\/complexo-industrial\/\">Complexo Industrial<\/a><\/li>\n<li><a href=\"https:\/\/www.ergicon.com\/fr\/portfolio-item\/centro-de-producao-de-argamassas\/\">Centro de Produ\u00e7\u00e3o de Argamassas<\/a><\/li>\n<li><a href=\"https:\/\/www.ergicon.com\/fr\/portfolio-item\/centro-logistico-de-distribuicao\/\">Centro Logistico de Distribui\u00e7\u00e3o<\/a><\/li>\n<li><a href=\"https:\/\/www.ergicon.com\/fr\/portfolio-item\/clinica-girassol\/\">Cl\u00ednica Girassol<\/a><\/li>\n<li><a href=\"https:\/\/www.ergicon.com\/fr\/portfolio-item\/clinica-dr-fernando-povoas\/\">Cl\u00ednica Dr. Fernando P\u00f3voas<\/a><\/li>\n<li><a href=\"https:\/\/www.ergicon.com\/fr\/portfolio-item\/reabilitacao-estrutural-da-torre-n-o1-do-edificio-solida-plaza\/\">Reabilita\u00e7\u00e3o Estrutural da Torre N.\u00ba1 do Edif\u00edcio S\u00f3lida Plaza<\/a><\/li>\n<li><a href=\"https:\/\/www.ergicon.com\/fr\/portfolio-item\/reabilitacao-da-igreja-nossa-senhora-do-mundo\/\">Reabilita\u00e7\u00e3o da Igreja Nossa Senhora do Mundo<\/a><\/li>\n<li><a href=\"https:\/\/www.ergicon.com\/fr\/portfolio-item\/via-de-acesso-unitel-filda\/\">Voie d\u00b4acc\u00e9s Unitel Filda<\/a><\/li>\n<li><a href=\"https:\/\/www.ergicon.com\/fr\/portfolio-item\/arranjos-exteriores-e-paisagismo\/\">Am\u00e9nagements Ext\u00e9rieurs et Am\u00e9nagement Paysager<\/a><\/li>\n<li><a href=\"https:\/\/www.ergicon.com\/fr\/portfolio-item\/parque-de-estacionamento-e-estacao-de-lavagem-automatica-de-viaturas\/\">Parque autolavagem Maianga<\/a><\/li>\n<li><a href=\"https:\/\/www.ergicon.com\/fr\/portfolio-item\/data-centers\/\">Datacenters<\/a><\/li>\n<li><a href=\"https:\/\/www.ergicon.com\/fr\/portfolio-item\/salas-de-supervisao\/\">Salas de Supervis\u00e3o<\/a><\/li>\n<li><a href=\"https:\/\/www.ergicon.com\/fr\/portfolio-item\/centros-de-comutacao\/\">Centros de Comuta\u00e7\u00e3o<\/a><\/li>\n<li><a href=\"https:\/\/www.ergicon.com\/fr\/portfolio-item\/creche-pitanguinha\/\">Creche Pitanguinha<\/a><\/li>\n<li><a href=\"https:\/\/www.ergicon.com\/fr\/portfolio-item\/isptec\/\">ISPTEC<\/a><\/li>\n<\/ul>\n<h2 class=\"wsp-portfolio-categorys-title\">Portfolio Categories<\/h2>\n<ul class=\"wsp-portfolio-categorys-list\">\n<li><a href=\"https:\/\/www.ergicon.com\/fr\/portfolio-category\/agencias-bancarias-e-lojas-comerciais-fr\/\">AG\u00caNCIAS BANC\u00c1RIAS E LOJAS COMERCIAIS<\/a><\/li>\n<li><a href=\"https:\/\/www.ergicon.com\/fr\/portfolio-category\/edificios-tecnologicos-centros-de-comutacao-data-centers-salas-de-supervisao-fr\/\">B\u00c2TIMENTS TECHNOLOGIQUES<\/a><\/li>\n<li><a href=\"https:\/\/www.ergicon.com\/fr\/portfolio-category\/edificios-residenciais-escritorios-comercio-fr\/\">EDIF\u00cdCIOS RESIDENCIAIS \/ ESCRIT\u00d3RIOS \/ COM\u00c9RCIO<\/a><\/li>\n<li><a href=\"https:\/\/www.ergicon.com\/fr\/portfolio-category\/educacao-edificios-escolares-fr\/\">EDUCATION \/ CULTURE<\/a><\/li>\n<li><a href=\"https:\/\/www.ergicon.com\/fr\/portfolio-category\/fundacoes-especiais-contencoes-perifericas-geotecnia-fr\/\">FONDATIONS SPECIALES \/ CONTENTION PERIPHERIQUE \/ G\u00c9OTECHNIQUE<\/a><\/li>\n<li><a href=\"https:\/\/www.ergicon.com\/fr\/portfolio-category\/habitacao-e-servicos-fr\/\">HABITATION ET SERVICES<\/a><\/li>\n<li><a href=\"https:\/\/www.ergicon.com\/fr\/portfolio-category\/industria-fr\/\">INDUSTRIE<\/a><\/li>\n<li><a href=\"https:\/\/www.ergicon.com\/fr\/portfolio-category\/infraestruturas-arruamentos-ambiente-paisagismo-fr\/\">INFRASTRUCTURES \/ CONSTRUCTION DE RUES \/ ENVIRONEMENT\/ AM\u00c9NAGEMENT PAYSAGER<\/a><\/li>\n<li><a href=\"https:\/\/www.ergicon.com\/fr\/portfolio-category\/reabilitacao-e-reforcos-estruturais-fr\/\">R\u00c9HABILITATION ET RENFORCEMENTS STRUCTURELS<\/a><\/li>\n<li><a href=\"https:\/\/www.ergicon.com\/fr\/portfolio-category\/saude-unidades-hospitalares-clinicas-fr\/\">SANT\u00c9<\/a><\/li>\n<li><a href=\"https:\/\/www.ergicon.com\/fr\/portfolio-category\/turismo-e-lazer-fr\/\">TOURISME ET LOISIRS<\/a><\/li>\n<\/ul>\n<\/div>\n","protected":false},"excerpt":{"rendered":"Pages Le Groupe Mapa do Site Nouvelles Home Qui Sommes Nous Projects Contacts Articles par cat\u00e9gorie Category: Non classifi\u00e9(e) LIGUE PORTUGUAISE CONTRE LE CANCER LE LIVRE ET LA LECTURE ENSEMBLE ON VA \u00c0 L\u00b4ECOLE ALDEIA DAS ARTES \u2013 MENINOS DO MUSSULO PALANCA PARADE Category: Nouvelles...","protected":false},"author":1,"featured_media":0,"parent":0,"menu_order":0,"comment_status":"open","ping_status":"closed","template":"","meta":{"_mi_skip_tracking":false},"yoast_head":"<!-- This site is optimized with the Yoast SEO plugin v18.9 - https:\/\/yoast.com\/wordpress\/plugins\/seo\/ -->\r\n<title>Mapa do Site - ERGICON<\/title>\r\n<meta name=\"robots\" content=\"index, follow, max-snippet:-1, max-image-preview:large, max-video-preview:-1\" \/>\r\n<link rel=\"canonical\" href=\"https:\/\/www.ergicon.com\/fr\/mapa-do-site\/\" \/>\r\n<meta property=\"og:locale\" content=\"fr_FR\" \/>\r\n<meta property=\"og:type\" content=\"article\" \/>\r\n<meta property=\"og:title\" content=\"Mapa do Site - ERGICON\" \/>\r\n<meta property=\"og:url\" content=\"https:\/\/www.ergicon.com\/fr\/mapa-do-site\/\" \/>\r\n<meta property=\"og:site_name\" content=\"ERGICON\" \/>\r\n<meta property=\"article:modified_time\" content=\"2021-11-29T18:55:52+00:00\" \/>\r\n<meta name=\"twitter:card\" content=\"summary_large_image\" \/>\r\n<script type=\"application\/ld+json\" class=\"yoast-schema-graph\">{\"@context\":\"https:\/\/schema.org\",\"@graph\":[{\"@type\":\"WebSite\",\"@id\":\"https:\/\/www.ergicon.com\/#website\",\"url\":\"https:\/\/www.ergicon.com\/\",\"name\":\"ERGICON\",\"description\":\"Engenharia, Constru\u00e7\u00e3o e Obras P\u00fablicas\",\"potentialAction\":[{\"@type\":\"SearchAction\",\"target\":{\"@type\":\"EntryPoint\",\"urlTemplate\":\"https:\/\/www.ergicon.com\/?s={search_term_string}\"},\"query-input\":\"required name=search_term_string\"}],\"inLanguage\":\"fr-FR\"},{\"@type\":\"WebPage\",\"@id\":\"https:\/\/www.ergicon.com\/fr\/mapa-do-site\/#webpage\",\"url\":\"https:\/\/www.ergicon.com\/fr\/mapa-do-site\/\",\"name\":\"Mapa do Site - ERGICON\",\"isPartOf\":{\"@id\":\"https:\/\/www.ergicon.com\/#website\"},\"datePublished\":\"2016-12-12T22:11:12+00:00\",\"dateModified\":\"2021-11-29T18:55:52+00:00\",\"breadcrumb\":{\"@id\":\"https:\/\/www.ergicon.com\/fr\/mapa-do-site\/#breadcrumb\"},\"inLanguage\":\"fr-FR\",\"potentialAction\":[{\"@type\":\"ReadAction\",\"target\":[\"https:\/\/www.ergicon.com\/fr\/mapa-do-site\/\"]}]},{\"@type\":\"BreadcrumbList\",\"@id\":\"https:\/\/www.ergicon.com\/fr\/mapa-do-site\/#breadcrumb\",\"itemListElement\":[{\"@type\":\"ListItem\",\"position\":1,\"name\":\"In\u00edcio\",\"item\":\"https:\/\/www.ergicon.com\/fr\/\"},{\"@type\":\"ListItem\",\"position\":2,\"name\":\"Mapa do Site\"}]}]}<\/script>\r\n<!-- \/ Yoast SEO plugin. -->","yoast_head_json":{"title":"Mapa do Site - ERGICON","robots":{"index":"index","follow":"follow","max-snippet":"max-snippet:-1","max-image-preview":"max-image-preview:large","max-video-preview":"max-video-preview:-1"},"canonical":"https:\/\/www.ergicon.com\/fr\/mapa-do-site\/","og_locale":"fr_FR","og_type":"article","og_title":"Mapa do Site - ERGICON","og_url":"https:\/\/www.ergicon.com\/fr\/mapa-do-site\/","og_site_name":"ERGICON","article_modified_time":"2021-11-29T18:55:52+00:00","twitter_card":"summary_large_image","schema":{"@context":"https:\/\/schema.org","@graph":[{"@type":"WebSite","@id":"https:\/\/www.ergicon.com\/#website","url":"https:\/\/www.ergicon.com\/","name":"ERGICON","description":"Engenharia, Constru\u00e7\u00e3o e Obras P\u00fablicas","potentialAction":[{"@type":"SearchAction","target":{"@type":"EntryPoint","urlTemplate":"https:\/\/www.ergicon.com\/?s={search_term_string}"},"query-input":"required name=search_term_string"}],"inLanguage":"fr-FR"},{"@type":"WebPage","@id":"https:\/\/www.ergicon.com\/fr\/mapa-do-site\/#webpage","url":"https:\/\/www.ergicon.com\/fr\/mapa-do-site\/","name":"Mapa do Site - ERGICON","isPartOf":{"@id":"https:\/\/www.ergicon.com\/#website"},"datePublished":"2016-12-12T22:11:12+00:00","dateModified":"2021-11-29T18:55:52+00:00","breadcrumb":{"@id":"https:\/\/www.ergicon.com\/fr\/mapa-do-site\/#breadcrumb"},"inLanguage":"fr-FR","potentialAction":[{"@type":"ReadAction","target":["https:\/\/www.ergicon.com\/fr\/mapa-do-site\/"]}]},{"@type":"BreadcrumbList","@id":"https:\/\/www.ergicon.com\/fr\/mapa-do-site\/#breadcrumb","itemListElement":[{"@type":"ListItem","position":1,"name":"In\u00edcio","item":"https:\/\/www.ergicon.com\/fr\/"},{"@type":"ListItem","position":2,"name":"Mapa do Site"}]}]}},"_links":{"self":[{"href":"https:\/\/www.ergicon.com\/fr\/wp-json\/wp\/v2\/pages\/7353"}],"collection":[{"href":"https:\/\/www.ergicon.com\/fr\/wp-json\/wp\/v2\/pages"}],"about":[{"href":"https:\/\/www.ergicon.com\/fr\/wp-json\/wp\/v2\/types\/page"}],"author":[{"embeddable":true,"href":"https:\/\/www.ergicon.com\/fr\/wp-json\/wp\/v2\/users\/1"}],"replies":[{"embeddable":true,"href":"https:\/\/www.ergicon.com\/fr\/wp-json\/wp\/v2\/comments?post=7353"}],"version-history":[{"count":2,"href":"https:\/\/www.ergicon.com\/fr\/wp-json\/wp\/v2\/pages\/7353\/revisions"}],"predecessor-version":[{"id":7992,"href":"https:\/\/www.ergicon.com\/fr\/wp-json\/wp\/v2\/pages\/7353\/revisions\/7992"}],"wp:attachment":[{"href":"https:\/\/www.ergicon.com\/fr\/wp-json\/wp\/v2\/media?parent=7353"}],"curies":[{"name":"wp","href":"https:\/\/api.w.org\/{rel}","templated":true}]}}