{"id":7354,"date":"2016-12-12T22:11:12","date_gmt":"2016-12-12T22:11:12","guid":{"rendered":"http:\/\/www.ergicon.com\/es\/mapa-do-site\/"},"modified":"2021-11-29T18:55:52","modified_gmt":"2021-11-29T18:55:52","slug":"mapa-do-site","status":"publish","type":"page","link":"https:\/\/www.ergicon.com\/es\/mapa-do-site\/","title":{"rendered":"Mapa do Site"},"content":{"rendered":"<div class=\"wsp-container\"><h2 class=\"wsp-pages-title\">P\u00e1ginas<\/h2>\n<ul class=\"wsp-pages-list\">\n<li class=\"page_item page-item-7280\"><a href=\"https:\/\/www.ergicon.com\/es\/grupo\/\">El Grupo<\/a><\/li>\n<li class=\"page_item page-item-7354\"><a href=\"https:\/\/www.ergicon.com\/es\/mapa-do-site\/\">Mapa do Site<\/a><\/li>\n<li class=\"page_item page-item-7949\"><a href=\"https:\/\/www.ergicon.com\/es\/noticias\/\">Noticias<\/a><\/li>\n<li class=\"page_item page-item-7272\"><a href=\"https:\/\/www.ergicon.com\/es\/\">Homepage<\/a><\/li>\n<li class=\"page_item page-item-7292\"><a href=\"https:\/\/www.ergicon.com\/es\/quem-somos\/\">QUIENES SOMOS<\/a><\/li>\n<li class=\"page_item page-item-7357\"><a href=\"https:\/\/www.ergicon.com\/es\/projetos\/\">Projetos<\/a><\/li>\n<li class=\"page_item page-item-7360\"><a href=\"https:\/\/www.ergicon.com\/es\/contactos\/\">Contactos<\/a><\/li>\n<\/ul>\n<h2 class=\"wsp-posts-title\">Posts por categor\u00eda<\/h2>\n<ul class=\"wsp-posts-list\">\n\t<li><strong class=\"wsp-category-title\">Category: <a href=\"https:\/\/www.ergicon.com\/es\/category\/noticias-es\/\">Noticias<\/a><\/strong>\n<ul class=\"wsp-posts-list\">\t\t<li class=\"wsp-post\"><a href=\"https:\/\/www.ergicon.com\/es\/ergicon-portugal\/\">Complejo Portas S\u00e3o Jo\u00e3o<\/a><\/li>\n<\/ul><\/li>\n\t<li><strong class=\"wsp-category-title\">Category: <a href=\"https:\/\/www.ergicon.com\/es\/category\/responsabilidade-social-es\/\">Responsabilidad Social<\/a><\/strong>\n<ul class=\"wsp-posts-list\">\t\t<li class=\"wsp-post\"><a href=\"https:\/\/www.ergicon.com\/es\/novo-topico-de-accao-social-liga-portuguesa-contra-o-cancro\/\">LIGA PORTUGUESA CONTRA O CANCRO<\/a><\/li>\n\t\t<li class=\"wsp-post\"><a href=\"https:\/\/www.ergicon.com\/es\/nova-imagem-da-campanha-aldeia-das-artes-o-livro-e-a-leitura\/\">EL LIBRO Y LA LECTURA<\/a><\/li>\n\t\t<li class=\"wsp-post\"><a href=\"https:\/\/www.ergicon.com\/es\/aldeia-das-artes-2\/\">NOS VAMOS JUNTOS A LA ESCUELA<\/a><\/li>\n\t\t<li class=\"wsp-post\"><a href=\"https:\/\/www.ergicon.com\/es\/aldeia-das-artes\/\">NI\u00d1OS DEL MUSSULO<\/a><\/li>\n\t\t<li class=\"wsp-post\"><a href=\"https:\/\/www.ergicon.com\/es\/projecto-palanca-prade\/\">PALANCA PARADE<\/a><\/li>\n<\/ul><\/li>\n\t<li><strong class=\"wsp-category-title\">Category: <a href=\"https:\/\/www.ergicon.com\/es\/category\/sin-categorizar\/\">Sin categorizar<\/a><\/strong>\n<\/li>\n<\/ul>\n<h2 class=\"wsp-portfolio-items-title\">Portfolio<\/h2>\n<ul class=\"wsp-portfolio-items-list\">\n<li><a href=\"https:\/\/www.ergicon.com\/es\/portfolio-item\/loja-de-desporto\/\">Tienda Deportiva<\/a><\/li>\n<li><a href=\"https:\/\/www.ergicon.com\/es\/portfolio-item\/lojas-unitel\/\">Tiendas Unitel<\/a><\/li>\n<li><a href=\"https:\/\/www.ergicon.com\/es\/portfolio-item\/loja-unitel-atrium-nova-vida\/\">Tienda Unitel Atrium Nova Vida<\/a><\/li>\n<li><a href=\"https:\/\/www.ergicon.com\/es\/portfolio-item\/loja-unitel-sede\/\">Tienda Unitel Sede<\/a><\/li>\n<li><a href=\"https:\/\/www.ergicon.com\/es\/portfolio-item\/loja-salsa\/\">Tienda Salsa<\/a><\/li>\n<li><a href=\"https:\/\/www.ergicon.com\/es\/portfolio-item\/loja-de-decoracao\/\">Loja de Decora\u00e7\u00e3o<\/a><\/li>\n<li><a href=\"https:\/\/www.ergicon.com\/es\/portfolio-item\/agencia-banco-economico\/\">Ag\u00eancia Banco Econ\u00f3mico<\/a><\/li>\n<li><a href=\"https:\/\/www.ergicon.com\/es\/portfolio-item\/agencia-bancaria-bni\/\">Ag\u00eancia Banc\u00e1ria BNI<\/a><\/li>\n<li><a href=\"https:\/\/www.ergicon.com\/es\/portfolio-item\/showroom-paraurbana\/\">Showroom Paraurbana<\/a><\/li>\n<li><a href=\"https:\/\/www.ergicon.com\/es\/portfolio-item\/detalhes-construtivos\/\">Detalhes Construtivos<\/a><\/li>\n<li><a href=\"https:\/\/www.ergicon.com\/es\/portfolio-item\/vivenda-de-luxo\/\">Vivenda de Luxo<\/a><\/li>\n<li><a href=\"https:\/\/www.ergicon.com\/es\/portfolio-item\/moradia-unifamiliar-2\/\">Vivienda unifamiliar<\/a><\/li>\n<li><a href=\"https:\/\/www.ergicon.com\/es\/portfolio-item\/moradia-de-luxo\/\">Vivienda de Lujo<\/a><\/li>\n<li><a href=\"https:\/\/www.ergicon.com\/es\/portfolio-item\/moradia-unifamiliar\/\">Vivienda Unifamiliar<\/a><\/li>\n<li><a href=\"https:\/\/www.ergicon.com\/es\/portfolio-item\/edificio-solida-plaza\/\">Edif\u00edcio S\u00f3lida Plaza<\/a><\/li>\n<li><a href=\"https:\/\/www.ergicon.com\/es\/portfolio-item\/edificio-residencial\/\">Edif\u00edcio residencial - 30 Apartamentos<\/a><\/li>\n<li><a href=\"https:\/\/www.ergicon.com\/es\/portfolio-item\/edificio-multifuncional\/\">Edif\u00edcio multifuncional - 22000m2<\/a><\/li>\n<li><a href=\"https:\/\/www.ergicon.com\/es\/portfolio-item\/condominio-residencial\/\">Condominio de vivienda<\/a><\/li>\n<li><a href=\"https:\/\/www.ergicon.com\/es\/portfolio-item\/edificio-de-habitacao-com-36-apartamentos\/\">Edif\u00edcio de habita\u00e7\u00e3o com 36 apartamentos<\/a><\/li>\n<li><a href=\"https:\/\/www.ergicon.com\/es\/portfolio-item\/complexo-habitacional-e-escritorios\/\">Complexo habitacional e escrit\u00f3rios<\/a><\/li>\n<li><a href=\"https:\/\/www.ergicon.com\/es\/portfolio-item\/hoteis-ibis-styles\/\">Hoteles Ibis Styles<\/a><\/li>\n<li><a href=\"https:\/\/www.ergicon.com\/es\/portfolio-item\/edificio-de-habitacao-comercio-e-servicos\/\">Edif\u00edcio de Habita\u00e7\u00e3o, Comercio e Servi\u00e7os<\/a><\/li>\n<li><a href=\"https:\/\/www.ergicon.com\/es\/portfolio-item\/complexo-habitacional-e-de-escritorios-fase-i\/\">Complexo Habitacional e de Escrit\u00f3rios - Fase I<\/a><\/li>\n<li><a href=\"https:\/\/www.ergicon.com\/es\/portfolio-item\/complexo-habitacional-e-de-escritorios\/\">Complexo Habitacional e de Escrit\u00f3rios<\/a><\/li>\n<li><a href=\"https:\/\/www.ergicon.com\/es\/portfolio-item\/hotel-intercontinental\/\">Hotel Intercontinental<\/a><\/li>\n<li><a href=\"https:\/\/www.ergicon.com\/es\/portfolio-item\/discoteca-unik-hotel-hcta\/\">Discoteca Unik Hotel HCTA<\/a><\/li>\n<li><a href=\"https:\/\/www.ergicon.com\/es\/portfolio-item\/naves-industriais-em-benfica\/\">Naves Industriales en Benfica<\/a><\/li>\n<li><a href=\"https:\/\/www.ergicon.com\/es\/portfolio-item\/complexo-industrial\/\">Complejo Industrial<\/a><\/li>\n<li><a href=\"https:\/\/www.ergicon.com\/es\/portfolio-item\/centro-de-producao-de-argamassas\/\">Centro de Produ\u00e7\u00e3o de Argamassas<\/a><\/li>\n<li><a href=\"https:\/\/www.ergicon.com\/es\/portfolio-item\/centro-logistico-de-distribuicao\/\">Centro Logistico de Distribui\u00e7\u00e3o<\/a><\/li>\n<li><a href=\"https:\/\/www.ergicon.com\/es\/portfolio-item\/clinica-girassol\/\">Cl\u00ednica Girassol<\/a><\/li>\n<li><a href=\"https:\/\/www.ergicon.com\/es\/portfolio-item\/clinica-dr-fernando-povoas\/\">Cl\u00ednica Dr. Fernando P\u00f3voas<\/a><\/li>\n<li><a href=\"https:\/\/www.ergicon.com\/es\/portfolio-item\/reabilitacao-estrutural-da-torre-n-o1-do-edificio-solida-plaza\/\">Reabilita\u00e7\u00e3o Estrutural da Torre N.\u00ba1 do Edif\u00edcio S\u00f3lida Plaza<\/a><\/li>\n<li><a href=\"https:\/\/www.ergicon.com\/es\/portfolio-item\/reabilitacao-da-igreja-nossa-senhora-do-mundo\/\">Reabilita\u00e7\u00e3o da Igreja Nossa Senhora do Mundo<\/a><\/li>\n<li><a href=\"https:\/\/www.ergicon.com\/es\/portfolio-item\/via-de-acesso-unitel-filda\/\">Ramal de acceso Unitel Filda<\/a><\/li>\n<li><a href=\"https:\/\/www.ergicon.com\/es\/portfolio-item\/arranjos-exteriores-e-paisagismo\/\">Arranjos Exteriores e Paisagismo<\/a><\/li>\n<li><a href=\"https:\/\/www.ergicon.com\/es\/portfolio-item\/parque-de-estacionamento-e-estacao-de-lavagem-automatica-de-viaturas\/\">Parque autolavagem Maianga<\/a><\/li>\n<li><a href=\"https:\/\/www.ergicon.com\/es\/portfolio-item\/data-centers\/\">Datacenters<\/a><\/li>\n<li><a href=\"https:\/\/www.ergicon.com\/es\/portfolio-item\/salas-de-supervisao\/\">Salas de Supervis\u00e3o<\/a><\/li>\n<li><a href=\"https:\/\/www.ergicon.com\/es\/portfolio-item\/centros-de-comutacao\/\">Centros de Comuta\u00e7\u00e3o<\/a><\/li>\n<li><a href=\"https:\/\/www.ergicon.com\/es\/portfolio-item\/creche-pitanguinha\/\">Creche Pitanguinha<\/a><\/li>\n<li><a href=\"https:\/\/www.ergicon.com\/es\/portfolio-item\/isptec\/\">ISPTEC<\/a><\/li>\n<\/ul>\n<h2 class=\"wsp-portfolio-categorys-title\">Portfolio Categories<\/h2>\n<ul class=\"wsp-portfolio-categorys-list\">\n<li><a href=\"https:\/\/www.ergicon.com\/es\/portfolio-category\/agencias-bancarias-e-lojas-comerciais-es\/\">AG\u00caNCIAS BANC\u00c1RIAS E LOJAS COMERCIAIS<\/a><\/li>\n<li><a href=\"https:\/\/www.ergicon.com\/es\/portfolio-category\/fundacoes-especiais-contencoes-perifericas-geotecnia-fr-es\/\">CIMENTACIONES ESPECIALES \/ CONTENCIONES \/ GEOT\u00c9CNIA<\/a><\/li>\n<li><a href=\"https:\/\/www.ergicon.com\/es\/portfolio-category\/edificios-residenciais-escritorios-comercio-es\/\">EDIF\u00cdCIOS RESIDENCIAIS \/ ESCRIT\u00d3RIOS \/ COM\u00c9RCIO<\/a><\/li>\n<li><a href=\"https:\/\/www.ergicon.com\/es\/portfolio-category\/edificios-tecnologicos-centros-de-comutacao-data-centers-salas-de-supervisao-es\/\">EDIF\u00cdCIOS TECNOL\u00d3GICOS<\/a><\/li>\n<li><a href=\"https:\/\/www.ergicon.com\/es\/portfolio-category\/educacao-edificios-escolares-fr-es\/\">EDUCACI\u00d3N \/ CULTURA<\/a><\/li>\n<li><a href=\"https:\/\/www.ergicon.com\/es\/portfolio-category\/industria-fr-es\/\">INDUSTRIA<\/a><\/li>\n<li><a href=\"https:\/\/www.ergicon.com\/es\/portfolio-category\/infraestruturas-arruamentos-ambiente-paisagismo-fr-es\/\">INFRAESTRUCTURAS \/ CALLES \/ AMBIENTE \/ PAISAJISMO<\/a><\/li>\n<li><a href=\"https:\/\/www.ergicon.com\/es\/portfolio-category\/reabilitacao-e-reforcos-estruturais-es\/\">REHABILITACI\u00d3N Y REFUERZOS ESTRUCTURALES<\/a><\/li>\n<li><a href=\"https:\/\/www.ergicon.com\/es\/portfolio-category\/saude-unidades-hospitalares-clinicas-fr-es\/\">SALUD<\/a><\/li>\n<li><a href=\"https:\/\/www.ergicon.com\/es\/portfolio-category\/turismo-e-lazer-fr-es\/\">TURISMO Y OCIO<\/a><\/li>\n<li><a href=\"https:\/\/www.ergicon.com\/es\/portfolio-category\/habitacao-e-servicos-es\/\">VIVIENDA Y SERVICIOS<\/a><\/li>\n<\/ul>\n<\/div>\n","protected":false},"excerpt":{"rendered":"P\u00e1ginas El Grupo Mapa do Site Noticias Homepage QUIENES SOMOS Projetos Contactos Posts por categor\u00eda Category: Noticias Complejo Portas S\u00e3o Jo\u00e3o Category: Responsabilidad Social LIGA PORTUGUESA CONTRA O CANCRO EL LIBRO Y LA LECTURA NOS VAMOS JUNTOS A LA ESCUELA NI\u00d1OS DEL MUSSULO PALANCA PARADE...","protected":false},"author":1,"featured_media":0,"parent":0,"menu_order":0,"comment_status":"open","ping_status":"closed","template":"","meta":{"_mi_skip_tracking":false},"yoast_head":"<!-- This site is optimized with the Yoast SEO plugin v18.9 - https:\/\/yoast.com\/wordpress\/plugins\/seo\/ -->\r\n<title>Mapa do Site - ERGICON<\/title>\r\n<meta name=\"robots\" content=\"index, follow, max-snippet:-1, max-image-preview:large, max-video-preview:-1\" \/>\r\n<link rel=\"canonical\" href=\"https:\/\/www.ergicon.com\/es\/mapa-do-site\/\" \/>\r\n<meta property=\"og:locale\" content=\"es_ES\" \/>\r\n<meta property=\"og:type\" content=\"article\" \/>\r\n<meta property=\"og:title\" content=\"Mapa do Site - ERGICON\" \/>\r\n<meta property=\"og:url\" content=\"https:\/\/www.ergicon.com\/es\/mapa-do-site\/\" \/>\r\n<meta property=\"og:site_name\" content=\"ERGICON\" \/>\r\n<meta property=\"article:modified_time\" content=\"2021-11-29T18:55:52+00:00\" \/>\r\n<meta name=\"twitter:card\" content=\"summary_large_image\" \/>\r\n<script type=\"application\/ld+json\" class=\"yoast-schema-graph\">{\"@context\":\"https:\/\/schema.org\",\"@graph\":[{\"@type\":\"WebSite\",\"@id\":\"https:\/\/www.ergicon.com\/#website\",\"url\":\"https:\/\/www.ergicon.com\/\",\"name\":\"ERGICON\",\"description\":\"Engenharia, Constru\u00e7\u00e3o e Obras P\u00fablicas\",\"potentialAction\":[{\"@type\":\"SearchAction\",\"target\":{\"@type\":\"EntryPoint\",\"urlTemplate\":\"https:\/\/www.ergicon.com\/?s={search_term_string}\"},\"query-input\":\"required name=search_term_string\"}],\"inLanguage\":\"es\"},{\"@type\":\"WebPage\",\"@id\":\"https:\/\/www.ergicon.com\/es\/mapa-do-site\/#webpage\",\"url\":\"https:\/\/www.ergicon.com\/es\/mapa-do-site\/\",\"name\":\"Mapa do Site - ERGICON\",\"isPartOf\":{\"@id\":\"https:\/\/www.ergicon.com\/#website\"},\"datePublished\":\"2016-12-12T22:11:12+00:00\",\"dateModified\":\"2021-11-29T18:55:52+00:00\",\"breadcrumb\":{\"@id\":\"https:\/\/www.ergicon.com\/es\/mapa-do-site\/#breadcrumb\"},\"inLanguage\":\"es\",\"potentialAction\":[{\"@type\":\"ReadAction\",\"target\":[\"https:\/\/www.ergicon.com\/es\/mapa-do-site\/\"]}]},{\"@type\":\"BreadcrumbList\",\"@id\":\"https:\/\/www.ergicon.com\/es\/mapa-do-site\/#breadcrumb\",\"itemListElement\":[{\"@type\":\"ListItem\",\"position\":1,\"name\":\"In\u00edcio\",\"item\":\"https:\/\/www.ergicon.com\/es\/\"},{\"@type\":\"ListItem\",\"position\":2,\"name\":\"Mapa do Site\"}]}]}<\/script>\r\n<!-- \/ Yoast SEO plugin. -->","yoast_head_json":{"title":"Mapa do Site - ERGICON","robots":{"index":"index","follow":"follow","max-snippet":"max-snippet:-1","max-image-preview":"max-image-preview:large","max-video-preview":"max-video-preview:-1"},"canonical":"https:\/\/www.ergicon.com\/es\/mapa-do-site\/","og_locale":"es_ES","og_type":"article","og_title":"Mapa do Site - ERGICON","og_url":"https:\/\/www.ergicon.com\/es\/mapa-do-site\/","og_site_name":"ERGICON","article_modified_time":"2021-11-29T18:55:52+00:00","twitter_card":"summary_large_image","schema":{"@context":"https:\/\/schema.org","@graph":[{"@type":"WebSite","@id":"https:\/\/www.ergicon.com\/#website","url":"https:\/\/www.ergicon.com\/","name":"ERGICON","description":"Engenharia, Constru\u00e7\u00e3o e Obras P\u00fablicas","potentialAction":[{"@type":"SearchAction","target":{"@type":"EntryPoint","urlTemplate":"https:\/\/www.ergicon.com\/?s={search_term_string}"},"query-input":"required name=search_term_string"}],"inLanguage":"es"},{"@type":"WebPage","@id":"https:\/\/www.ergicon.com\/es\/mapa-do-site\/#webpage","url":"https:\/\/www.ergicon.com\/es\/mapa-do-site\/","name":"Mapa do Site - ERGICON","isPartOf":{"@id":"https:\/\/www.ergicon.com\/#website"},"datePublished":"2016-12-12T22:11:12+00:00","dateModified":"2021-11-29T18:55:52+00:00","breadcrumb":{"@id":"https:\/\/www.ergicon.com\/es\/mapa-do-site\/#breadcrumb"},"inLanguage":"es","potentialAction":[{"@type":"ReadAction","target":["https:\/\/www.ergicon.com\/es\/mapa-do-site\/"]}]},{"@type":"BreadcrumbList","@id":"https:\/\/www.ergicon.com\/es\/mapa-do-site\/#breadcrumb","itemListElement":[{"@type":"ListItem","position":1,"name":"In\u00edcio","item":"https:\/\/www.ergicon.com\/es\/"},{"@type":"ListItem","position":2,"name":"Mapa do Site"}]}]}},"_links":{"self":[{"href":"https:\/\/www.ergicon.com\/es\/wp-json\/wp\/v2\/pages\/7354"}],"collection":[{"href":"https:\/\/www.ergicon.com\/es\/wp-json\/wp\/v2\/pages"}],"about":[{"href":"https:\/\/www.ergicon.com\/es\/wp-json\/wp\/v2\/types\/page"}],"author":[{"embeddable":true,"href":"https:\/\/www.ergicon.com\/es\/wp-json\/wp\/v2\/users\/1"}],"replies":[{"embeddable":true,"href":"https:\/\/www.ergicon.com\/es\/wp-json\/wp\/v2\/comments?post=7354"}],"version-history":[{"count":2,"href":"https:\/\/www.ergicon.com\/es\/wp-json\/wp\/v2\/pages\/7354\/revisions"}],"predecessor-version":[{"id":7993,"href":"https:\/\/www.ergicon.com\/es\/wp-json\/wp\/v2\/pages\/7354\/revisions\/7993"}],"wp:attachment":[{"href":"https:\/\/www.ergicon.com\/es\/wp-json\/wp\/v2\/media?parent=7354"}],"curies":[{"name":"wp","href":"https:\/\/api.w.org\/{rel}","templated":true}]}}