{"id":7280,"date":"2017-02-17T11:43:27","date_gmt":"2017-02-17T11:43:27","guid":{"rendered":"http:\/\/www.ergicon.com\/es\/grupo\/"},"modified":"2024-11-14T17:34:42","modified_gmt":"2024-11-14T17:34:42","slug":"grupo","status":"publish","type":"page","link":"https:\/\/www.ergicon.com\/es\/grupo\/","title":{"rendered":"El Grupo"},"content":{"rendered":"<p>[vc_row][vc_column][vc_empty_space height=\u00bb0&#8243; css=\u00bb.vc_custom_1464092997850{margin-top: -9px !important;}\u00bb]\n<div class=\"edgtf-custom-font-holder\" style=\"font-family: Raleway;font-size: 33px;line-height: 50px;font-weight: 300;letter-spacing: 4px;text-transform: Uppercase;text-align: left;color: #313131\" data-font-size= 33 data-line-height= 50>\n\t\n\tGrupo Ergicon\n\t\t\n\t<\/div>\n<p class=\"edgtf-section-subtitle \" style=\"text-align:left\">\n\tERGICON integra en la actualidad un grupo de empresas, aportadas por los mismos accionistas de referencia, donde est\u00e1n:<\/p><div class=\"edgtf-separator-holder clearfix  edgtf-separator-left\">\n\t<div class=\"edgtf-separator\" style=\"border-color: #e7bd74;border-style: solid;width: 50px;border-bottom-width: 1pxpx;margin-top: 16px;margin-bottom: 50px\"><\/div>\n<\/div>\n[\/vc_column][\/vc_row][vc_row][vc_column offset=\u00bbvc_col-lg-4 vc_col-md-12&#8243;][vc_single_image image=\u00bb7243&#8243; img_size=\u00bbfull\u00bb alignment=\u00bbcenter\u00bb][vc_empty_space height=\u00bb33px\u00bb]<div class=\"edgtf-numbered-title\">\n\t<div class=\"edgtf-nt-number\" style=\"color:#e3b970;\">\n\t\t<span>\n\t\t\t\t\t<\/span>\n\t<\/div>\n\t<div class=\"edgtf-nt-title-subtitle-holder\">\n\t\t<h3 class=\"edgtf-nt-title\" >\n\t\t\tErgicon Portugal Engenharia e Constru\u00e7\u00e3o, S.A.\t\t<\/h3>\n\t<\/div>\n<\/div>[vc_empty_space height=\u00bb25px\u00bb][vc_column_text]<strong>Portugal<br \/>\n<\/strong>Que opera en el mercado de Portugal continental e islas, es una empresa dedicada a la actividad de construcci\u00f3n y obras p\u00fablicas, con sede en Oporto y la delegaci\u00f3n en Lisboa. Con gran capacidad t\u00e9cnica y conocimiento para la realizaci\u00f3n de contratas tipo \u201cllave en mano\u201d, posee el permiso de clase 6 (Alvar\u00e1 n.\u00ba 82782 &#8211; PUB).[\/vc_column_text][vc_empty_space height=\u00bb40px\u00bb][\/vc_column][vc_column offset=\u00bbvc_col-lg-4 vc_col-md-12&#8243;][vc_single_image image=\u00bb7243&#8243; img_size=\u00bbfull\u00bb alignment=\u00bbcenter\u00bb][vc_empty_space height=\u00bb33px\u00bb]<div class=\"edgtf-numbered-title\">\n\t<div class=\"edgtf-nt-number\" style=\"color:#e3b970;padding-right:3px\">\n\t\t<span>\n\t\t\t\t\t<\/span>\n\t<\/div>\n\t<div class=\"edgtf-nt-title-subtitle-holder\">\n\t\t<h3 class=\"edgtf-nt-title\" >\n\t\t\tErgicon Engenharia e Constru\u00e7\u00e3o, Lda.\t\t<\/h3>\n\t<\/div>\n<\/div>[vc_empty_space height=\u00bb25px\u00bb][vc_column_text]<strong>Angola<br \/>\n<\/strong>Tambi\u00e9n dedicado a la actividad de construcci\u00f3n civil y obras p\u00fablicas se distingue por un fuerte dinamismo y capacidad de realizaci\u00f3n integrada en un mercado extremadamente dif\u00edcil y competitivo, estableci\u00e9ndose con un de los roles m\u00e1s importantes en mercado Angole\u00f1o.<\/p>\n<p>Tiene presencia en las provincias de Luanda, Benguela, Cabinda, Namibe, Malange, Zaire, Bi\u00e9, Cunene, Huambo y Kwanza Sul.[\/vc_column_text][vc_empty_space height=\u00bb40px\u00bb][\/vc_column][vc_column offset=\u00bbvc_col-lg-4 vc_col-md-12&#8243;][vc_single_image image=\u00bb7247&#8243; img_size=\u00bbfull\u00bb alignment=\u00bbcenter\u00bb][vc_empty_space height=\u00bb33px\u00bb]<div class=\"edgtf-numbered-title\">\n\t<div class=\"edgtf-nt-number\" style=\"color:#e3b970;\">\n\t\t<span>\n\t\t\t\t\t<\/span>\n\t<\/div>\n\t<div class=\"edgtf-nt-title-subtitle-holder\">\n\t\t<h3 class=\"edgtf-nt-title\" >\n\t\t\tErgitrading, S.A.\t\t<\/h3>\n\t<\/div>\n<\/div>[vc_empty_space height=\u00bb25px\u00bb][vc_column_text]Con sede en la Zona Franca de Madeira, con delegaci\u00f3n en Oporto, ERGITRADING, S.A., viene de la necesidad de apoyo log\u00edstico internacional trabajando actualmente como la principal plataforma log\u00edstica para apoyar las distintas empresas del grupo.<\/p>\n<p>La ERGITRADING tiene capacidad log\u00edstica y t\u00e9cnica para importar \/ exportar, para cualquier empresa extranjera fuera del grupo, en diferentes zonas geogr\u00e1ficas del mundo.[\/vc_column_text][vc_empty_space height=\u00bb40px\u00bb][\/vc_column][\/vc_row][vc_row][vc_column offset=\u00bbvc_col-lg-4 vc_col-md-12&#8243;][vc_column offset=\u00bbvc_col-lg-4 vc_col-md-12&#8243;][vc_single_image image=\u00bb7248&#8243; img_size=\u00bbfull\u00bb alignment=\u00bbcenter\u00bb][vc_empty_space height=\u00bb33px\u00bb]<div class=\"edgtf-numbered-title\">\n\t<div class=\"edgtf-nt-number\" style=\"color:#e3b970;\">\n\t\t<span>\n\t\t\t\t\t<\/span>\n\t<\/div>\n\t<div class=\"edgtf-nt-title-subtitle-holder\">\n\t\t<h3 class=\"edgtf-nt-title\" >\n\t\t\tTripolar Angola, Lda.\t\t<\/h3>\n\t<\/div>\n<\/div>[vc_empty_space height=\u00bb25px\u00bb][vc_column_text]Tripolar Angola, LDA, Electricidade e Comunica\u00e7\u00f5es, es una empresa que desarrolla proyectos y produce la ejecuci\u00f3n de instalaciones el\u00e9ctricas en los m\u00e1s distintos edificios.<\/p>\n<p>Desde el comienzo de su actividad, sigue teniendo clientes fieles en varias \u00e1reas, lo que demuestra una din\u00e1mica inusual en respuesta a las solicitudes.<\/p>\n<p>La experiencia a lo largo de los a\u00f1os garantiza la cuidadosa elecci\u00f3n de los materiales y equipaje recomendados por el equipo t\u00e9cnico de la Tripolar Angola.[\/vc_column_text][vc_empty_space height=\u00bb40px\u00bb][\/vc_column][vc_column offset=\u00bbvc_col-lg-4 vc_col-md-12&#8243;][vc_single_image image=\u00bb7245&#8243; img_size=\u00bbfull\u00bb alignment=\u00bbcenter\u00bb][vc_empty_space height=\u00bb33px\u00bb]<div class=\"edgtf-numbered-title\">\n\t<div class=\"edgtf-nt-number\" style=\"color:#e3b970;\">\n\t\t<span>\n\t\t\t\t\t<\/span>\n\t<\/div>\n\t<div class=\"edgtf-nt-title-subtitle-holder\">\n\t\t<h3 class=\"edgtf-nt-title\" >\n\t\t\tErgigreen, Lda.\t\t<\/h3>\n\t<\/div>\n<\/div>[vc_empty_space height=\u00bb25px\u00bb][vc_column_text]Empresa con sede en Luanda, cuya principal actividad es la comercializaci\u00f3n de productos qu\u00edmicos, con una amplia gama vinculada a la industria en general, agricultura y ganader\u00eda, reciclaje y soluciones ambientales.[\/vc_column_text][vc_empty_space height=\u00bb40px\u00bb][\/vc_column][\/vc_row]<\/p>\n","protected":false},"excerpt":{"rendered":"<p>[vc_row][vc_column][vc_empty_space height=\u00bb0&#8243; css=\u00bb.vc_custom_1464092997850{margin-top: -9px !important;}\u00bb][\/vc_column][\/vc_row][vc_row][vc_column offset=\u00bbvc_col-lg-4 vc_col-md-12&#8243;][vc_single_image image=\u00bb7243&#8243; img_size=\u00bbfull\u00bb alignment=\u00bbcenter\u00bb][vc_empty_space height=\u00bb33px\u00bb][vc_empty_space height=\u00bb25px\u00bb][vc_column_text]Portugal Que opera en el mercado de Portugal continental e islas, es una empresa dedicada a la actividad de construcci\u00f3n y obras p\u00fablicas, con sede en Oporto y la delegaci\u00f3n en Lisboa. Con gran&#8230;<\/p>\n","protected":false},"author":1,"featured_media":0,"parent":0,"menu_order":0,"comment_status":"open","ping_status":"closed","template":"","meta":{"_mi_skip_tracking":false},"yoast_head":"<!-- This site is optimized with the Yoast SEO plugin v18.9 - https:\/\/yoast.com\/wordpress\/plugins\/seo\/ -->\r\n<title>El Grupo - ERGICON<\/title>\r\n<meta name=\"robots\" content=\"index, follow, max-snippet:-1, max-image-preview:large, max-video-preview:-1\" \/>\r\n<link rel=\"canonical\" href=\"https:\/\/www.ergicon.com\/es\/grupo\/\" \/>\r\n<meta property=\"og:locale\" content=\"es_ES\" \/>\r\n<meta property=\"og:type\" content=\"article\" \/>\r\n<meta property=\"og:title\" content=\"El Grupo - ERGICON\" \/>\r\n<meta property=\"og:description\" content=\"[vc_row][vc_column][vc_empty_space height=\u00bb0&#8243; css=\u00bb.vc_custom_1464092997850{margin-top: -9px !important;}\u00bb][\/vc_column][\/vc_row][vc_row][vc_column offset=\u00bbvc_col-lg-4 vc_col-md-12&#8243;][vc_single_image image=\u00bb7243&#8243; img_size=\u00bbfull\u00bb alignment=\u00bbcenter\u00bb][vc_empty_space height=\u00bb33px\u00bb][vc_empty_space height=\u00bb25px\u00bb][vc_column_text]Portugal Que opera en el mercado de Portugal continental e islas, es una empresa dedicada a la actividad de construcci\u00f3n y obras p\u00fablicas, con sede en Oporto y la delegaci\u00f3n en Lisboa. Con gran...\" \/>\r\n<meta property=\"og:url\" content=\"https:\/\/www.ergicon.com\/es\/grupo\/\" \/>\r\n<meta property=\"og:site_name\" content=\"ERGICON\" \/>\r\n<meta property=\"article:modified_time\" content=\"2024-11-14T17:34:42+00:00\" \/>\r\n<meta name=\"twitter:card\" content=\"summary_large_image\" \/>\r\n<meta name=\"twitter:label1\" content=\"Tiempo de lectura\" \/>\n\t<meta name=\"twitter:data1\" content=\"3 minutos\" \/>\r\n<script type=\"application\/ld+json\" class=\"yoast-schema-graph\">{\"@context\":\"https:\/\/schema.org\",\"@graph\":[{\"@type\":\"WebSite\",\"@id\":\"https:\/\/www.ergicon.com\/#website\",\"url\":\"https:\/\/www.ergicon.com\/\",\"name\":\"ERGICON\",\"description\":\"Engenharia, Constru\u00e7\u00e3o e Obras P\u00fablicas\",\"potentialAction\":[{\"@type\":\"SearchAction\",\"target\":{\"@type\":\"EntryPoint\",\"urlTemplate\":\"https:\/\/www.ergicon.com\/?s={search_term_string}\"},\"query-input\":\"required name=search_term_string\"}],\"inLanguage\":\"es\"},{\"@type\":\"WebPage\",\"@id\":\"https:\/\/www.ergicon.com\/es\/grupo\/#webpage\",\"url\":\"https:\/\/www.ergicon.com\/es\/grupo\/\",\"name\":\"El Grupo - ERGICON\",\"isPartOf\":{\"@id\":\"https:\/\/www.ergicon.com\/#website\"},\"datePublished\":\"2017-02-17T11:43:27+00:00\",\"dateModified\":\"2024-11-14T17:34:42+00:00\",\"breadcrumb\":{\"@id\":\"https:\/\/www.ergicon.com\/es\/grupo\/#breadcrumb\"},\"inLanguage\":\"es\",\"potentialAction\":[{\"@type\":\"ReadAction\",\"target\":[\"https:\/\/www.ergicon.com\/es\/grupo\/\"]}]},{\"@type\":\"BreadcrumbList\",\"@id\":\"https:\/\/www.ergicon.com\/es\/grupo\/#breadcrumb\",\"itemListElement\":[{\"@type\":\"ListItem\",\"position\":1,\"name\":\"In\u00edcio\",\"item\":\"https:\/\/www.ergicon.com\/es\/\"},{\"@type\":\"ListItem\",\"position\":2,\"name\":\"El Grupo\"}]}]}<\/script>\r\n<!-- \/ Yoast SEO plugin. -->","yoast_head_json":{"title":"El Grupo - ERGICON","robots":{"index":"index","follow":"follow","max-snippet":"max-snippet:-1","max-image-preview":"max-image-preview:large","max-video-preview":"max-video-preview:-1"},"canonical":"https:\/\/www.ergicon.com\/es\/grupo\/","og_locale":"es_ES","og_type":"article","og_title":"El Grupo - ERGICON","og_description":"[vc_row][vc_column][vc_empty_space height=\u00bb0&#8243; css=\u00bb.vc_custom_1464092997850{margin-top: -9px !important;}\u00bb][\/vc_column][\/vc_row][vc_row][vc_column offset=\u00bbvc_col-lg-4 vc_col-md-12&#8243;][vc_single_image image=\u00bb7243&#8243; img_size=\u00bbfull\u00bb alignment=\u00bbcenter\u00bb][vc_empty_space height=\u00bb33px\u00bb][vc_empty_space height=\u00bb25px\u00bb][vc_column_text]Portugal Que opera en el mercado de Portugal continental e islas, es una empresa dedicada a la actividad de construcci\u00f3n y obras p\u00fablicas, con sede en Oporto y la delegaci\u00f3n en Lisboa. Con gran...","og_url":"https:\/\/www.ergicon.com\/es\/grupo\/","og_site_name":"ERGICON","article_modified_time":"2024-11-14T17:34:42+00:00","twitter_card":"summary_large_image","twitter_misc":{"Tiempo de lectura":"3 minutos"},"schema":{"@context":"https:\/\/schema.org","@graph":[{"@type":"WebSite","@id":"https:\/\/www.ergicon.com\/#website","url":"https:\/\/www.ergicon.com\/","name":"ERGICON","description":"Engenharia, Constru\u00e7\u00e3o e Obras P\u00fablicas","potentialAction":[{"@type":"SearchAction","target":{"@type":"EntryPoint","urlTemplate":"https:\/\/www.ergicon.com\/?s={search_term_string}"},"query-input":"required name=search_term_string"}],"inLanguage":"es"},{"@type":"WebPage","@id":"https:\/\/www.ergicon.com\/es\/grupo\/#webpage","url":"https:\/\/www.ergicon.com\/es\/grupo\/","name":"El Grupo - ERGICON","isPartOf":{"@id":"https:\/\/www.ergicon.com\/#website"},"datePublished":"2017-02-17T11:43:27+00:00","dateModified":"2024-11-14T17:34:42+00:00","breadcrumb":{"@id":"https:\/\/www.ergicon.com\/es\/grupo\/#breadcrumb"},"inLanguage":"es","potentialAction":[{"@type":"ReadAction","target":["https:\/\/www.ergicon.com\/es\/grupo\/"]}]},{"@type":"BreadcrumbList","@id":"https:\/\/www.ergicon.com\/es\/grupo\/#breadcrumb","itemListElement":[{"@type":"ListItem","position":1,"name":"In\u00edcio","item":"https:\/\/www.ergicon.com\/es\/"},{"@type":"ListItem","position":2,"name":"El Grupo"}]}]}},"_links":{"self":[{"href":"https:\/\/www.ergicon.com\/es\/wp-json\/wp\/v2\/pages\/7280"}],"collection":[{"href":"https:\/\/www.ergicon.com\/es\/wp-json\/wp\/v2\/pages"}],"about":[{"href":"https:\/\/www.ergicon.com\/es\/wp-json\/wp\/v2\/types\/page"}],"author":[{"embeddable":true,"href":"https:\/\/www.ergicon.com\/es\/wp-json\/wp\/v2\/users\/1"}],"replies":[{"embeddable":true,"href":"https:\/\/www.ergicon.com\/es\/wp-json\/wp\/v2\/comments?post=7280"}],"version-history":[{"count":4,"href":"https:\/\/www.ergicon.com\/es\/wp-json\/wp\/v2\/pages\/7280\/revisions"}],"predecessor-version":[{"id":9370,"href":"https:\/\/www.ergicon.com\/es\/wp-json\/wp\/v2\/pages\/7280\/revisions\/9370"}],"wp:attachment":[{"href":"https:\/\/www.ergicon.com\/es\/wp-json\/wp\/v2\/media?parent=7280"}],"curies":[{"name":"wp","href":"https:\/\/api.w.org\/{rel}","templated":true}]}}