{"id":7352,"date":"2016-12-12T22:11:12","date_gmt":"2016-12-12T22:11:12","guid":{"rendered":"http:\/\/www.ergicon.com\/en\/mapa-do-site\/"},"modified":"2017-03-15T23:37:57","modified_gmt":"2017-03-15T23:37:57","slug":"mapa-do-site","status":"publish","type":"page","link":"https:\/\/www.ergicon.com\/en\/mapa-do-site\/","title":{"rendered":"SITE MAP"},"content":{"rendered":"<div class=\"wsp-container\"><h2 class=\"wsp-pages-title\">Pages<\/h2>\n<ul class=\"wsp-pages-list\">\n<li class=\"page_item page-item-7352\"><a href=\"https:\/\/www.ergicon.com\/en\/mapa-do-site\/\">SITE MAP<\/a><\/li>\n<li class=\"page_item page-item-7278\"><a href=\"https:\/\/www.ergicon.com\/en\/grupo\/\">The Group<\/a><\/li>\n<li class=\"page_item page-item-7947\"><a href=\"https:\/\/www.ergicon.com\/en\/noticias\/\">News<\/a><\/li>\n<li class=\"page_item page-item-7270\"><a href=\"https:\/\/www.ergicon.com\/en\/\">Homepage<\/a><\/li>\n<li class=\"page_item page-item-7290\"><a href=\"https:\/\/www.ergicon.com\/en\/quem-somos\/\">Who We Are<\/a><\/li>\n<li class=\"page_item page-item-7355\"><a href=\"https:\/\/www.ergicon.com\/en\/projectos\/\">Projects<\/a><\/li>\n<li class=\"page_item page-item-7358\"><a href=\"https:\/\/www.ergicon.com\/en\/contactos\/\">Contacts<\/a><\/li>\n<\/ul>\n<h2 class=\"wsp-posts-title\">Posts by category<\/h2>\n<ul class=\"wsp-posts-list\">\n\t<li><strong class=\"wsp-category-title\">Category: <a href=\"https:\/\/www.ergicon.com\/en\/category\/news\/\">News<\/a><\/strong>\n<ul class=\"wsp-posts-list\">\t\t<li class=\"wsp-post\"><a href=\"https:\/\/www.ergicon.com\/en\/ergicon-portugal\/\">Portas S\u00e3o Jo\u00e3o Project<\/a><\/li>\n<\/ul><\/li>\n\t<li><strong class=\"wsp-category-title\">Category: <a href=\"https:\/\/www.ergicon.com\/en\/category\/responsabilidade-social-en\/\">Social Responsability<\/a><\/strong>\n<ul class=\"wsp-posts-list\">\t\t<li class=\"wsp-post\"><a href=\"https:\/\/www.ergicon.com\/en\/novo-topico-de-accao-social-liga-portuguesa-contra-o-cancro\/\">PORTUGUESE LEAGUE AGAINST CANCER<\/a><\/li>\n\t\t<li class=\"wsp-post\"><a href=\"https:\/\/www.ergicon.com\/en\/nova-imagem-da-campanha-aldeia-das-artes-o-livro-e-a-leitura\/\">The Book and Reading<\/a><\/li>\n\t\t<li class=\"wsp-post\"><a href=\"https:\/\/www.ergicon.com\/en\/aldeia-das-artes-2\/\">WE GO TO SCHOOL TOGETHER<\/a><\/li>\n\t\t<li class=\"wsp-post\"><a href=\"https:\/\/www.ergicon.com\/en\/aldeia-das-artes\/\">THE ARTS VILLAGE \u2013 CHILDREN OF MUSSULO<\/a><\/li>\n\t\t<li class=\"wsp-post\"><a href=\"https:\/\/www.ergicon.com\/en\/projecto-palanca-prade\/\">PALANCA PARADE<\/a><\/li>\n<\/ul><\/li>\n\t<li><strong class=\"wsp-category-title\">Category: <a href=\"https:\/\/www.ergicon.com\/en\/category\/uncategorized\/\">Uncategorized<\/a><\/strong>\n<\/li>\n<\/ul>\n<h2 class=\"wsp-portfolio-items-title\">Portfolio<\/h2>\n<ul class=\"wsp-portfolio-items-list\">\n<li><a href=\"https:\/\/www.ergicon.com\/en\/portfolio-item\/loja-de-desporto\/\">TAF \u2013 Sports Store<\/a><\/li>\n<li><a href=\"https:\/\/www.ergicon.com\/en\/portfolio-item\/lojas-unitel\/\">Unitel - Unitel Stores<\/a><\/li>\n<li><a href=\"https:\/\/www.ergicon.com\/en\/portfolio-item\/loja-unitel-atrium-nova-vida\/\">Unitel - Unitel Store at Atrium Nova Vida<\/a><\/li>\n<li><a href=\"https:\/\/www.ergicon.com\/en\/portfolio-item\/loja-unitel-sede\/\">Unitel - Unitel Headquarters Store<\/a><\/li>\n<li><a href=\"https:\/\/www.ergicon.com\/en\/portfolio-item\/loja-salsa\/\">Salsa \u2013Salsa Store<\/a><\/li>\n<li><a href=\"https:\/\/www.ergicon.com\/en\/portfolio-item\/loja-de-decoracao\/\">Loja de Decora\u00e7\u00e3o<\/a><\/li>\n<li><a href=\"https:\/\/www.ergicon.com\/en\/portfolio-item\/agencia-banco-economico\/\">Ag\u00eancia Banco Econ\u00f3mico<\/a><\/li>\n<li><a href=\"https:\/\/www.ergicon.com\/en\/portfolio-item\/agencia-bancaria-bni\/\">Ag\u00eancia Banc\u00e1ria BNI<\/a><\/li>\n<li><a href=\"https:\/\/www.ergicon.com\/en\/portfolio-item\/showroom-paraurbana\/\">Paraurbana Showroom<\/a><\/li>\n<li><a href=\"https:\/\/www.ergicon.com\/en\/portfolio-item\/detalhes-construtivos\/\">Construction Details<\/a><\/li>\n<li><a href=\"https:\/\/www.ergicon.com\/en\/portfolio-item\/vivenda-de-luxo\/\">Luxury House<\/a><\/li>\n<li><a href=\"https:\/\/www.ergicon.com\/en\/portfolio-item\/moradia-unifamiliar-2\/\">Single-family House<\/a><\/li>\n<li><a href=\"https:\/\/www.ergicon.com\/en\/portfolio-item\/moradia-de-luxo\/\">Luxury House \u2013 Porto<\/a><\/li>\n<li><a href=\"https:\/\/www.ergicon.com\/en\/portfolio-item\/moradia-unifamiliar\/\">Single-family House<\/a><\/li>\n<li><a href=\"https:\/\/www.ergicon.com\/en\/portfolio-item\/edificio-solida-plaza\/\">Edif\u00edcio S\u00f3lida Plaza<\/a><\/li>\n<li><a href=\"https:\/\/www.ergicon.com\/en\/portfolio-item\/edificio-residencial\/\">Edif\u00edcio residencial - 30 Apartamentos<\/a><\/li>\n<li><a href=\"https:\/\/www.ergicon.com\/en\/portfolio-item\/edificio-multifuncional\/\">Edif\u00edcio multifuncional - 22000m2<\/a><\/li>\n<li><a href=\"https:\/\/www.ergicon.com\/en\/portfolio-item\/condominio-residencial\/\">Residential condominium \u2013 70 houses<\/a><\/li>\n<li><a href=\"https:\/\/www.ergicon.com\/en\/portfolio-item\/edificio-de-habitacao-com-36-apartamentos\/\">Edif\u00edcio de habita\u00e7\u00e3o com 36 apartamentos<\/a><\/li>\n<li><a href=\"https:\/\/www.ergicon.com\/en\/portfolio-item\/complexo-habitacional-e-escritorios\/\">Complexo habitacional e escrit\u00f3rios<\/a><\/li>\n<li><a href=\"https:\/\/www.ergicon.com\/en\/portfolio-item\/hoteis-ibis-styles\/\">Ibis Styles Hotels<\/a><\/li>\n<li><a href=\"https:\/\/www.ergicon.com\/en\/portfolio-item\/edificio-de-habitacao-comercio-e-servicos\/\">Edif\u00edcio de Habita\u00e7\u00e3o, Comercio e Servi\u00e7os<\/a><\/li>\n<li><a href=\"https:\/\/www.ergicon.com\/en\/portfolio-item\/complexo-habitacional-e-de-escritorios-fase-i\/\">Complexo Habitacional e de Escrit\u00f3rios - Fase I<\/a><\/li>\n<li><a href=\"https:\/\/www.ergicon.com\/en\/portfolio-item\/complexo-habitacional-e-de-escritorios\/\">Complexo Habitacional e de Escrit\u00f3rios<\/a><\/li>\n<li><a href=\"https:\/\/www.ergicon.com\/en\/portfolio-item\/hotel-intercontinental\/\">Hotel Intercontinental<\/a><\/li>\n<li><a href=\"https:\/\/www.ergicon.com\/en\/portfolio-item\/discoteca-unik-hotel-hcta\/\">Unik Hotel HCTA Club<\/a><\/li>\n<li><a href=\"https:\/\/www.ergicon.com\/en\/portfolio-item\/naves-industriais-em-benfica\/\">Industrial Premises in Benfica<\/a><\/li>\n<li><a href=\"https:\/\/www.ergicon.com\/en\/portfolio-item\/complexo-industrial\/\">Industrial Complex<\/a><\/li>\n<li><a href=\"https:\/\/www.ergicon.com\/en\/portfolio-item\/centro-de-producao-de-argamassas\/\">Centro de Produ\u00e7\u00e3o de Argamassas<\/a><\/li>\n<li><a href=\"https:\/\/www.ergicon.com\/en\/portfolio-item\/centro-logistico-de-distribuicao\/\">Centro Logistico de Distribui\u00e7\u00e3o<\/a><\/li>\n<li><a href=\"https:\/\/www.ergicon.com\/en\/portfolio-item\/clinica-girassol\/\">Cl\u00ednica Girassol<\/a><\/li>\n<li><a href=\"https:\/\/www.ergicon.com\/en\/portfolio-item\/clinica-dr-fernando-povoas\/\">Cl\u00ednica Dr. Fernando P\u00f3voas<\/a><\/li>\n<li><a href=\"https:\/\/www.ergicon.com\/en\/portfolio-item\/reabilitacao-estrutural-da-torre-n-o1-do-edificio-solida-plaza\/\">Reabilita\u00e7\u00e3o Estrutural da Torre N.\u00ba1 do Edif\u00edcio S\u00f3lida Plaza<\/a><\/li>\n<li><a href=\"https:\/\/www.ergicon.com\/en\/portfolio-item\/reabilitacao-da-igreja-nossa-senhora-do-mundo\/\">Reabilita\u00e7\u00e3o da Igreja Nossa Senhora do Mundo<\/a><\/li>\n<li><a href=\"https:\/\/www.ergicon.com\/en\/portfolio-item\/via-de-acesso-unitel-filda\/\">Access road Unitel Filda<\/a><\/li>\n<li><a href=\"https:\/\/www.ergicon.com\/en\/portfolio-item\/arranjos-exteriores-e-paisagismo\/\">Gardening and Landscaping<\/a><\/li>\n<li><a href=\"https:\/\/www.ergicon.com\/en\/portfolio-item\/parque-de-estacionamento-e-estacao-de-lavagem-automatica-de-viaturas\/\">Parque autolavagem Maianga<\/a><\/li>\n<li><a href=\"https:\/\/www.ergicon.com\/en\/portfolio-item\/data-centers\/\">Datacenters<\/a><\/li>\n<li><a href=\"https:\/\/www.ergicon.com\/en\/portfolio-item\/salas-de-supervisao\/\">Salas de Supervis\u00e3o<\/a><\/li>\n<li><a href=\"https:\/\/www.ergicon.com\/en\/portfolio-item\/centros-de-comutacao\/\">Centros de Comuta\u00e7\u00e3o<\/a><\/li>\n<li><a href=\"https:\/\/www.ergicon.com\/en\/portfolio-item\/creche-pitanguinha\/\">Creche Pitanguinha<\/a><\/li>\n<li><a href=\"https:\/\/www.ergicon.com\/en\/portfolio-item\/isptec\/\">ISPTEC<\/a><\/li>\n<\/ul>\n<h2 class=\"wsp-portfolio-categorys-title\">Portfolio Categories<\/h2>\n<ul class=\"wsp-portfolio-categorys-list\">\n<li><a href=\"https:\/\/www.ergicon.com\/en\/portfolio-category\/agencias-bancarias-e-lojas-comerciais-en\/\">AG\u00caNCIAS BANC\u00c1RIAS E LOJAS COMERCIAIS<\/a><\/li>\n<li><a href=\"https:\/\/www.ergicon.com\/en\/portfolio-category\/edificios-residenciais-escritorios-comercio-en\/\">EDIF\u00cdCIOS RESIDENCIAIS \/ ESCRIT\u00d3RIOS \/ COM\u00c9RCIO<\/a><\/li>\n<li><a href=\"https:\/\/www.ergicon.com\/en\/portfolio-category\/educacao-edificios-escolares-en\/\">EDUCATION \/ CULTURE<\/a><\/li>\n<li><a href=\"https:\/\/www.ergicon.com\/en\/portfolio-category\/saude-unidades-hospitalares-clinicas-en\/\">HEALTH<\/a><\/li>\n<li><a href=\"https:\/\/www.ergicon.com\/en\/portfolio-category\/habitacao-e-servicos-en\/\">HOUSING AND SERVICES<\/a><\/li>\n<li><a href=\"https:\/\/www.ergicon.com\/en\/portfolio-category\/industria-en\/\">INDUSTRY<\/a><\/li>\n<li><a href=\"https:\/\/www.ergicon.com\/en\/portfolio-category\/infraestruturas-arruamentos-ambiente-paisagismo-en\/\">INFRASTRUCTURE \/ ROADS \/ ENVIRONMENT \/ LANDSCAPE<\/a><\/li>\n<li><a href=\"https:\/\/www.ergicon.com\/en\/portfolio-category\/fundacoes-especiais-contencoes-perifericas-geotecnia-en\/\">SPECIAL FOUNDATIONS \/ PERIPHERAL CONTENTION \/ GEOTECHNICS<\/a><\/li>\n<li><a href=\"https:\/\/www.ergicon.com\/en\/portfolio-category\/reabilitacao-e-reforcos-estruturais-en\/\">STRUCTURAL REHABILITATION AND STRENGTHENING<\/a><\/li>\n<li><a href=\"https:\/\/www.ergicon.com\/en\/portfolio-category\/edificios-tecnologicos-centros-de-comutacao-data-centers-salas-de-supervisao-en\/\">TECHNOLOGICAL BUILDINGS<\/a><\/li>\n<li><a href=\"https:\/\/www.ergicon.com\/en\/portfolio-category\/turismo-e-lazer-en\/\">TOURISM AND LEISURE<\/a><\/li>\n<\/ul>\n<\/div>\n","protected":false},"excerpt":{"rendered":"Pages SITE MAP The Group News Homepage Who We Are Projects Contacts Posts by category Category: News Portas S\u00e3o Jo\u00e3o Project Category: Social Responsability PORTUGUESE LEAGUE AGAINST CANCER The Book and Reading WE GO TO SCHOOL TOGETHER THE ARTS VILLAGE \u2013 CHILDREN OF MUSSULO PALANCA...","protected":false},"author":1,"featured_media":0,"parent":0,"menu_order":0,"comment_status":"open","ping_status":"closed","template":"","meta":{"_mi_skip_tracking":false},"yoast_head":"<!-- This site is optimized with the Yoast SEO plugin v18.9 - https:\/\/yoast.com\/wordpress\/plugins\/seo\/ -->\r\n<title>SITE MAP - ERGICON<\/title>\r\n<meta name=\"robots\" content=\"index, follow, max-snippet:-1, max-image-preview:large, max-video-preview:-1\" \/>\r\n<link rel=\"canonical\" href=\"https:\/\/www.ergicon.com\/en\/mapa-do-site\/\" \/>\r\n<meta property=\"og:locale\" content=\"en_US\" \/>\r\n<meta property=\"og:type\" content=\"article\" \/>\r\n<meta property=\"og:title\" content=\"SITE MAP - ERGICON\" \/>\r\n<meta property=\"og:url\" content=\"https:\/\/www.ergicon.com\/en\/mapa-do-site\/\" \/>\r\n<meta property=\"og:site_name\" content=\"ERGICON\" \/>\r\n<meta property=\"article:modified_time\" content=\"2017-03-15T23:37:57+00:00\" \/>\r\n<meta name=\"twitter:card\" content=\"summary_large_image\" \/>\r\n<script type=\"application\/ld+json\" class=\"yoast-schema-graph\">{\"@context\":\"https:\/\/schema.org\",\"@graph\":[{\"@type\":\"WebSite\",\"@id\":\"https:\/\/www.ergicon.com\/#website\",\"url\":\"https:\/\/www.ergicon.com\/\",\"name\":\"ERGICON\",\"description\":\"Engenharia, Constru\u00e7\u00e3o e Obras P\u00fablicas\",\"potentialAction\":[{\"@type\":\"SearchAction\",\"target\":{\"@type\":\"EntryPoint\",\"urlTemplate\":\"https:\/\/www.ergicon.com\/?s={search_term_string}\"},\"query-input\":\"required name=search_term_string\"}],\"inLanguage\":\"en-US\"},{\"@type\":\"WebPage\",\"@id\":\"https:\/\/www.ergicon.com\/en\/mapa-do-site\/#webpage\",\"url\":\"https:\/\/www.ergicon.com\/en\/mapa-do-site\/\",\"name\":\"SITE MAP - ERGICON\",\"isPartOf\":{\"@id\":\"https:\/\/www.ergicon.com\/#website\"},\"datePublished\":\"2016-12-12T22:11:12+00:00\",\"dateModified\":\"2017-03-15T23:37:57+00:00\",\"breadcrumb\":{\"@id\":\"https:\/\/www.ergicon.com\/en\/mapa-do-site\/#breadcrumb\"},\"inLanguage\":\"en-US\",\"potentialAction\":[{\"@type\":\"ReadAction\",\"target\":[\"https:\/\/www.ergicon.com\/en\/mapa-do-site\/\"]}]},{\"@type\":\"BreadcrumbList\",\"@id\":\"https:\/\/www.ergicon.com\/en\/mapa-do-site\/#breadcrumb\",\"itemListElement\":[{\"@type\":\"ListItem\",\"position\":1,\"name\":\"In\u00edcio\",\"item\":\"https:\/\/www.ergicon.com\/en\/\"},{\"@type\":\"ListItem\",\"position\":2,\"name\":\"SITE MAP\"}]}]}<\/script>\r\n<!-- \/ Yoast SEO plugin. -->","yoast_head_json":{"title":"SITE MAP - ERGICON","robots":{"index":"index","follow":"follow","max-snippet":"max-snippet:-1","max-image-preview":"max-image-preview:large","max-video-preview":"max-video-preview:-1"},"canonical":"https:\/\/www.ergicon.com\/en\/mapa-do-site\/","og_locale":"en_US","og_type":"article","og_title":"SITE MAP - ERGICON","og_url":"https:\/\/www.ergicon.com\/en\/mapa-do-site\/","og_site_name":"ERGICON","article_modified_time":"2017-03-15T23:37:57+00:00","twitter_card":"summary_large_image","schema":{"@context":"https:\/\/schema.org","@graph":[{"@type":"WebSite","@id":"https:\/\/www.ergicon.com\/#website","url":"https:\/\/www.ergicon.com\/","name":"ERGICON","description":"Engenharia, Constru\u00e7\u00e3o e Obras P\u00fablicas","potentialAction":[{"@type":"SearchAction","target":{"@type":"EntryPoint","urlTemplate":"https:\/\/www.ergicon.com\/?s={search_term_string}"},"query-input":"required name=search_term_string"}],"inLanguage":"en-US"},{"@type":"WebPage","@id":"https:\/\/www.ergicon.com\/en\/mapa-do-site\/#webpage","url":"https:\/\/www.ergicon.com\/en\/mapa-do-site\/","name":"SITE MAP - ERGICON","isPartOf":{"@id":"https:\/\/www.ergicon.com\/#website"},"datePublished":"2016-12-12T22:11:12+00:00","dateModified":"2017-03-15T23:37:57+00:00","breadcrumb":{"@id":"https:\/\/www.ergicon.com\/en\/mapa-do-site\/#breadcrumb"},"inLanguage":"en-US","potentialAction":[{"@type":"ReadAction","target":["https:\/\/www.ergicon.com\/en\/mapa-do-site\/"]}]},{"@type":"BreadcrumbList","@id":"https:\/\/www.ergicon.com\/en\/mapa-do-site\/#breadcrumb","itemListElement":[{"@type":"ListItem","position":1,"name":"In\u00edcio","item":"https:\/\/www.ergicon.com\/en\/"},{"@type":"ListItem","position":2,"name":"SITE MAP"}]}]}},"_links":{"self":[{"href":"https:\/\/www.ergicon.com\/en\/wp-json\/wp\/v2\/pages\/7352"}],"collection":[{"href":"https:\/\/www.ergicon.com\/en\/wp-json\/wp\/v2\/pages"}],"about":[{"href":"https:\/\/www.ergicon.com\/en\/wp-json\/wp\/v2\/types\/page"}],"author":[{"embeddable":true,"href":"https:\/\/www.ergicon.com\/en\/wp-json\/wp\/v2\/users\/1"}],"replies":[{"embeddable":true,"href":"https:\/\/www.ergicon.com\/en\/wp-json\/wp\/v2\/comments?post=7352"}],"version-history":[{"count":2,"href":"https:\/\/www.ergicon.com\/en\/wp-json\/wp\/v2\/pages\/7352\/revisions"}],"predecessor-version":[{"id":7796,"href":"https:\/\/www.ergicon.com\/en\/wp-json\/wp\/v2\/pages\/7352\/revisions\/7796"}],"wp:attachment":[{"href":"https:\/\/www.ergicon.com\/en\/wp-json\/wp\/v2\/media?parent=7352"}],"curies":[{"name":"wp","href":"https:\/\/api.w.org\/{rel}","templated":true}]}}