{"id":7278,"date":"2017-02-17T11:43:27","date_gmt":"2017-02-17T11:43:27","guid":{"rendered":"http:\/\/www.ergicon.com\/en\/grupo\/"},"modified":"2024-11-14T17:45:14","modified_gmt":"2024-11-14T17:45:14","slug":"grupo","status":"publish","type":"page","link":"https:\/\/www.ergicon.com\/en\/grupo\/","title":{"rendered":"The Group"},"content":{"rendered":"<p>[vc_row][vc_column][vc_empty_space height=&#8221;0&#8243; css=&#8221;.vc_custom_1464092997850{margin-top: -9px !important;}&#8221;]\n<div class=\"edgtf-custom-font-holder\" style=\"font-family: Raleway;font-size: 33px;line-height: 50px;font-weight: 300;letter-spacing: 4px;text-transform: Uppercase;text-align: left;color: #313131\" data-font-size= 33 data-line-height= 50>\n\t\n\tGrupo Ergicon\n\t\t\n\t<\/div>\n<p class=\"edgtf-section-subtitle \" style=\"text-align:left\">\n\tERGICON is currently part of a group of companies held by the same reference shareholders, which include:<\/p><div class=\"edgtf-separator-holder clearfix  edgtf-separator-left\">\n\t<div class=\"edgtf-separator\" style=\"border-color: #e7bd74;border-style: solid;width: 50px;border-bottom-width: 1pxpx;margin-top: 16px;margin-bottom: 50px\"><\/div>\n<\/div>\n[\/vc_column][\/vc_row][vc_row][vc_column offset=&#8221;vc_col-lg-4 vc_col-md-12&#8243;][vc_single_image image=&#8221;7243&#8243; img_size=&#8221;full&#8221; alignment=&#8221;center&#8221;][vc_empty_space height=&#8221;33px&#8221;]<div class=\"edgtf-numbered-title\">\n\t<div class=\"edgtf-nt-number\" style=\"color:#e3b970;\">\n\t\t<span>\n\t\t\t\t\t<\/span>\n\t<\/div>\n\t<div class=\"edgtf-nt-title-subtitle-holder\">\n\t\t<h3 class=\"edgtf-nt-title\" >\n\t\t\tErgicon Portugal Engenharia e Constru\u00e7\u00e3o, S.A.\t\t<\/h3>\n\t<\/div>\n<\/div>[vc_empty_space height=&#8221;25px&#8221;][vc_column_text]<strong>Portugal<\/strong><br \/>\nOperating in the market of Mainland Portugal and Islands, it is a company dedicated to the Civil Construction and Public Works business, with headquarters in Porto and a delegation in Lisbon.<\/p>\n<p>With technical capacity and know-how to implement general turn-key projects, it holds a Class 6 Permit (Permit no. 82782 &#8211; PUB).<br \/>\n[\/vc_column_text][vc_empty_space height=&#8221;40px&#8221;][\/vc_column][vc_column offset=&#8221;vc_col-lg-4 vc_col-md-12&#8243;][vc_single_image image=&#8221;7243&#8243; img_size=&#8221;full&#8221; alignment=&#8221;center&#8221;][vc_empty_space height=&#8221;33px&#8221;]<div class=\"edgtf-numbered-title\">\n\t<div class=\"edgtf-nt-number\" style=\"color:#e3b970;padding-right:3px\">\n\t\t<span>\n\t\t\t\t\t<\/span>\n\t<\/div>\n\t<div class=\"edgtf-nt-title-subtitle-holder\">\n\t\t<h3 class=\"edgtf-nt-title\" >\n\t\t\tErgicon Engenharia e Constru\u00e7\u00e3o, Lda.\t\t<\/h3>\n\t<\/div>\n<\/div>[vc_empty_space height=&#8221;25px&#8221;][vc_column_text]<strong>Angola<\/strong><br \/>\nAlso dedicated to the Civil Construction and Public Works business, it is notable by the strong dynamism and implementation capacity in an extremely difficult and competitive market, demonstrating why it has become one of the key players in the Angolan market.<\/p>\n<p>It is present in the provinces of Luanda, Benguela, Cabinda, Namibe, Malange, Zaire, Bi\u00e9, Cunene, Huambo and Kwanza Sul.<br \/>\n[\/vc_column_text][vc_empty_space height=&#8221;40px&#8221;][\/vc_column][vc_column offset=&#8221;vc_col-lg-4 vc_col-md-12&#8243;][vc_single_image image=&#8221;7247&#8243; img_size=&#8221;full&#8221; alignment=&#8221;center&#8221;][vc_empty_space height=&#8221;33px&#8221;]<div class=\"edgtf-numbered-title\">\n\t<div class=\"edgtf-nt-number\" style=\"color:#e3b970;\">\n\t\t<span>\n\t\t\t\t\t<\/span>\n\t<\/div>\n\t<div class=\"edgtf-nt-title-subtitle-holder\">\n\t\t<h3 class=\"edgtf-nt-title\" >\n\t\t\tErgitrading, S.A.\t\t<\/h3>\n\t<\/div>\n<\/div>[vc_empty_space height=&#8221;25px&#8221;][vc_column_text]Based on the Madeira Free Trade Zone, with a delegation in Porto, ERGITRADING, S.A., emerged from the need for international logistical support, currently operating as the main logistics platform supporting the various companies of the group.<\/p>\n<p>Furthermore, ERGITRADING has the logistical and technical capacity to support the import\/export activities of any company outside the group in several parts of the Globe.<\/p>\n<p>[\/vc_column_text][vc_empty_space height=&#8221;40px&#8221;][\/vc_column][vc_column offset=&#8221;vc_col-lg-4 vc_col-md-12&#8243;][vc_single_image image=&#8221;7248&#8243; img_size=&#8221;full&#8221; alignment=&#8221;center&#8221;][vc_empty_space height=&#8221;33px&#8221;]<div class=\"edgtf-numbered-title\">\n\t<div class=\"edgtf-nt-number\" style=\"color:#e3b970;\">\n\t\t<span>\n\t\t\t\t\t<\/span>\n\t<\/div>\n\t<div class=\"edgtf-nt-title-subtitle-holder\">\n\t\t<h3 class=\"edgtf-nt-title\" >\n\t\t\tTripolar Angola, Lda.\t\t<\/h3>\n\t<\/div>\n<\/div>[vc_empty_space height=&#8221;25px&#8221;][vc_column_text]Tripolar Angola, Electricidade e Telecomunica\u00e7\u00f5es is a company that develops projects and caries out electrical installations in all types of buildings.<\/p>\n<p>Since the beginning of its activity, it has retained customers in several areas, showing an unusual dynamics in responding to all requests.<\/p>\n<p>The experience gained ensures the careful selection of equipment and materials recommended by the technical team of Tripolar Angola.<br \/>\n[\/vc_column_text][vc_empty_space height=&#8221;40px&#8221;][\/vc_column][vc_column offset=&#8221;vc_col-lg-4 vc_col-md-12&#8243;][vc_single_image image=&#8221;7245&#8243; img_size=&#8221;full&#8221; alignment=&#8221;center&#8221;][vc_empty_space height=&#8221;33px&#8221;]<div class=\"edgtf-numbered-title\">\n\t<div class=\"edgtf-nt-number\" style=\"color:#e3b970;\">\n\t\t<span>\n\t\t\t\t\t<\/span>\n\t<\/div>\n\t<div class=\"edgtf-nt-title-subtitle-holder\">\n\t\t<h3 class=\"edgtf-nt-title\" >\n\t\t\tErgigreen, Lda.\t\t<\/h3>\n\t<\/div>\n<\/div>[vc_empty_space height=&#8221;25px&#8221;][vc_column_text]A company based in Luanda, whose main activity is the trade of a wide range of chemical products for the general industry, agriculture and livestock, recycling and environmental solutions.[\/vc_column_text][vc_empty_space height=&#8221;40px&#8221;][\/vc_column][\/vc_row]<\/p>\n","protected":false},"excerpt":{"rendered":"<p>[vc_row][vc_column][vc_empty_space height=&#8221;0&#8243; css=&#8221;.vc_custom_1464092997850{margin-top: -9px !important;}&#8221;][\/vc_column][\/vc_row][vc_row][vc_column offset=&#8221;vc_col-lg-4 vc_col-md-12&#8243;][vc_single_image image=&#8221;7243&#8243; img_size=&#8221;full&#8221; alignment=&#8221;center&#8221;][vc_empty_space height=&#8221;33px&#8221;][vc_empty_space height=&#8221;25px&#8221;][vc_column_text]Portugal Operating in the market of Mainland Portugal and Islands, it is a company dedicated to the Civil Construction and Public Works business, with headquarters in Porto and a delegation in Lisbon. With technical&#8230;<\/p>\n","protected":false},"author":1,"featured_media":0,"parent":0,"menu_order":0,"comment_status":"open","ping_status":"closed","template":"","meta":{"_mi_skip_tracking":false},"yoast_head":"<!-- This site is optimized with the Yoast SEO plugin v18.9 - https:\/\/yoast.com\/wordpress\/plugins\/seo\/ -->\r\n<title>The Group - ERGICON<\/title>\r\n<meta name=\"robots\" content=\"index, follow, max-snippet:-1, max-image-preview:large, max-video-preview:-1\" \/>\r\n<link rel=\"canonical\" href=\"https:\/\/www.ergicon.com\/en\/grupo\/\" \/>\r\n<meta property=\"og:locale\" content=\"en_US\" \/>\r\n<meta property=\"og:type\" content=\"article\" \/>\r\n<meta property=\"og:title\" content=\"The Group - ERGICON\" \/>\r\n<meta property=\"og:description\" content=\"[vc_row][vc_column][vc_empty_space height=&#8221;0&#8243; css=&#8221;.vc_custom_1464092997850{margin-top: -9px !important;}&#8221;][\/vc_column][\/vc_row][vc_row][vc_column offset=&#8221;vc_col-lg-4 vc_col-md-12&#8243;][vc_single_image image=&#8221;7243&#8243; img_size=&#8221;full&#8221; alignment=&#8221;center&#8221;][vc_empty_space height=&#8221;33px&#8221;][vc_empty_space height=&#8221;25px&#8221;][vc_column_text]Portugal Operating in the market of Mainland Portugal and Islands, it is a company dedicated to the Civil Construction and Public Works business, with headquarters in Porto and a delegation in Lisbon. With technical...\" \/>\r\n<meta property=\"og:url\" content=\"https:\/\/www.ergicon.com\/en\/grupo\/\" \/>\r\n<meta property=\"og:site_name\" content=\"ERGICON\" \/>\r\n<meta property=\"article:modified_time\" content=\"2024-11-14T17:45:14+00:00\" \/>\r\n<meta name=\"twitter:card\" content=\"summary_large_image\" \/>\r\n<meta name=\"twitter:label1\" content=\"Est. reading time\" \/>\n\t<meta name=\"twitter:data1\" content=\"3 minutes\" \/>\r\n<script type=\"application\/ld+json\" class=\"yoast-schema-graph\">{\"@context\":\"https:\/\/schema.org\",\"@graph\":[{\"@type\":\"WebSite\",\"@id\":\"https:\/\/www.ergicon.com\/#website\",\"url\":\"https:\/\/www.ergicon.com\/\",\"name\":\"ERGICON\",\"description\":\"Engenharia, Constru\u00e7\u00e3o e Obras P\u00fablicas\",\"potentialAction\":[{\"@type\":\"SearchAction\",\"target\":{\"@type\":\"EntryPoint\",\"urlTemplate\":\"https:\/\/www.ergicon.com\/?s={search_term_string}\"},\"query-input\":\"required name=search_term_string\"}],\"inLanguage\":\"en-US\"},{\"@type\":\"WebPage\",\"@id\":\"https:\/\/www.ergicon.com\/en\/grupo\/#webpage\",\"url\":\"https:\/\/www.ergicon.com\/en\/grupo\/\",\"name\":\"The Group - ERGICON\",\"isPartOf\":{\"@id\":\"https:\/\/www.ergicon.com\/#website\"},\"datePublished\":\"2017-02-17T11:43:27+00:00\",\"dateModified\":\"2024-11-14T17:45:14+00:00\",\"breadcrumb\":{\"@id\":\"https:\/\/www.ergicon.com\/en\/grupo\/#breadcrumb\"},\"inLanguage\":\"en-US\",\"potentialAction\":[{\"@type\":\"ReadAction\",\"target\":[\"https:\/\/www.ergicon.com\/en\/grupo\/\"]}]},{\"@type\":\"BreadcrumbList\",\"@id\":\"https:\/\/www.ergicon.com\/en\/grupo\/#breadcrumb\",\"itemListElement\":[{\"@type\":\"ListItem\",\"position\":1,\"name\":\"In\u00edcio\",\"item\":\"https:\/\/www.ergicon.com\/en\/\"},{\"@type\":\"ListItem\",\"position\":2,\"name\":\"The Group\"}]}]}<\/script>\r\n<!-- \/ Yoast SEO plugin. -->","yoast_head_json":{"title":"The Group - ERGICON","robots":{"index":"index","follow":"follow","max-snippet":"max-snippet:-1","max-image-preview":"max-image-preview:large","max-video-preview":"max-video-preview:-1"},"canonical":"https:\/\/www.ergicon.com\/en\/grupo\/","og_locale":"en_US","og_type":"article","og_title":"The Group - ERGICON","og_description":"[vc_row][vc_column][vc_empty_space height=&#8221;0&#8243; css=&#8221;.vc_custom_1464092997850{margin-top: -9px !important;}&#8221;][\/vc_column][\/vc_row][vc_row][vc_column offset=&#8221;vc_col-lg-4 vc_col-md-12&#8243;][vc_single_image image=&#8221;7243&#8243; img_size=&#8221;full&#8221; alignment=&#8221;center&#8221;][vc_empty_space height=&#8221;33px&#8221;][vc_empty_space height=&#8221;25px&#8221;][vc_column_text]Portugal Operating in the market of Mainland Portugal and Islands, it is a company dedicated to the Civil Construction and Public Works business, with headquarters in Porto and a delegation in Lisbon. With technical...","og_url":"https:\/\/www.ergicon.com\/en\/grupo\/","og_site_name":"ERGICON","article_modified_time":"2024-11-14T17:45:14+00:00","twitter_card":"summary_large_image","twitter_misc":{"Est. reading time":"3 minutes"},"schema":{"@context":"https:\/\/schema.org","@graph":[{"@type":"WebSite","@id":"https:\/\/www.ergicon.com\/#website","url":"https:\/\/www.ergicon.com\/","name":"ERGICON","description":"Engenharia, Constru\u00e7\u00e3o e Obras P\u00fablicas","potentialAction":[{"@type":"SearchAction","target":{"@type":"EntryPoint","urlTemplate":"https:\/\/www.ergicon.com\/?s={search_term_string}"},"query-input":"required name=search_term_string"}],"inLanguage":"en-US"},{"@type":"WebPage","@id":"https:\/\/www.ergicon.com\/en\/grupo\/#webpage","url":"https:\/\/www.ergicon.com\/en\/grupo\/","name":"The Group - ERGICON","isPartOf":{"@id":"https:\/\/www.ergicon.com\/#website"},"datePublished":"2017-02-17T11:43:27+00:00","dateModified":"2024-11-14T17:45:14+00:00","breadcrumb":{"@id":"https:\/\/www.ergicon.com\/en\/grupo\/#breadcrumb"},"inLanguage":"en-US","potentialAction":[{"@type":"ReadAction","target":["https:\/\/www.ergicon.com\/en\/grupo\/"]}]},{"@type":"BreadcrumbList","@id":"https:\/\/www.ergicon.com\/en\/grupo\/#breadcrumb","itemListElement":[{"@type":"ListItem","position":1,"name":"In\u00edcio","item":"https:\/\/www.ergicon.com\/en\/"},{"@type":"ListItem","position":2,"name":"The Group"}]}]}},"_links":{"self":[{"href":"https:\/\/www.ergicon.com\/en\/wp-json\/wp\/v2\/pages\/7278"}],"collection":[{"href":"https:\/\/www.ergicon.com\/en\/wp-json\/wp\/v2\/pages"}],"about":[{"href":"https:\/\/www.ergicon.com\/en\/wp-json\/wp\/v2\/types\/page"}],"author":[{"embeddable":true,"href":"https:\/\/www.ergicon.com\/en\/wp-json\/wp\/v2\/users\/1"}],"replies":[{"embeddable":true,"href":"https:\/\/www.ergicon.com\/en\/wp-json\/wp\/v2\/comments?post=7278"}],"version-history":[{"count":11,"href":"https:\/\/www.ergicon.com\/en\/wp-json\/wp\/v2\/pages\/7278\/revisions"}],"predecessor-version":[{"id":9376,"href":"https:\/\/www.ergicon.com\/en\/wp-json\/wp\/v2\/pages\/7278\/revisions\/9376"}],"wp:attachment":[{"href":"https:\/\/www.ergicon.com\/en\/wp-json\/wp\/v2\/media?parent=7278"}],"curies":[{"name":"wp","href":"https:\/\/api.w.org\/{rel}","templated":true}]}}